{"id":35544,"date":"2025-11-12T07:55:56","date_gmt":"2025-11-12T05:55:56","guid":{"rendered":"https:\/\/www.nordi.ee\/toode\/william-laud-varv-valge-2\/"},"modified":"2026-04-13T05:21:03","modified_gmt":"2026-04-13T02:21:03","slug":"ummargune-soogilaud-willy-valge","status":"publish","type":"product","link":"https:\/\/www.nordi.ee\/en\/toode\/ummargune-soogilaud-willy-valge\/","title":{"rendered":"\u00dcmmargune s\u00f6\u00f6gilaud WILLY, valge"},"content":{"rendered":"<p>laiendatav laud, m\u00f5\u00f5tmed: 90\u00f7124\/90\/75 cm, materjal: pind &#8211; MDF puitlaastplaat + naturaalne viimistlus, jalad &#8211; massiivpuit, v\u00e4rv: valge<br \/>\n* See toode on valmistatud k\u00e4sitsi. Kerged eba\u00fchtlused v\u00f5ivad esineda ja nad on osa k\u00e4sit\u00f6\u00f6 toote v\u00f5ludest. See on toote ainulaadsus ja ei tohi seda pidada tootmisveaks. Need ei m\u00f5juta toote \u00fcldist esteetikat ega selle kasutamist etten\u00e4htud viisil.<\/p>\n","protected":false},"excerpt":{"rendered":"<p>laiendatav laud, m\u00f5\u00f5tmed: 90\u00f7124\/90\/75 cm, materjal: pind &#8211; MDF puitlaastplaat + naturaalne viimistlus, jalad &#8211; massiivpuit, v\u00e4rv: valge * See toode on valmistatud k\u00e4sitsi. Kerged eba\u00fchtlused v\u00f5ivad esineda ja nad on osa k\u00e4sit\u00f6\u00f6 toote v\u00f5ludest. See on toote ainulaadsus ja ei tohi seda pidada tootmisveaks. Need ei m\u00f5juta toote \u00fcldist esteetikat ega selle kasutamist etten\u00e4htud [&hellip;]<\/p>\n","protected":false},"featured_media":17543,"comment_status":"closed","ping_status":"closed","template":"","meta":{"_gspb_post_css":""},"product_brand":[],"product_cat":[190,167],"product_tag":[],"class_list":{"0":"post-35544","1":"product","2":"type-product","3":"status-publish","4":"has-post-thumbnail","6":"product_cat-soogilauad","7":"product_cat-soogituba","8":"pa_jalgade-arv-494","9":"pa_korgus-287","10":"pa_laius-349","11":"pa_laua-suurus-6-person-4-person","12":"pa_laua-varvus-valge","13":"pa_laua-viimistlus-matt","14":"pa_lauaplaadi-kuju-ovaalne","15":"pa_lauaplaadi-materjal-spoon","16":"pa_maximum-pikkus-4223","17":"pa_pakkide-arv-295","18":"pa_pikendatav-jah","19":"pa_stiil-klassikaline","20":"pa_sugavus-351","21":"pa_vahelaos-ei","22":"pa_varv-valge","24":"first","25":"instock","26":"sale","27":"purchasable","28":"product-type-simple"},"_links":{"self":[{"href":"https:\/\/www.nordi.ee\/en\/wp-json\/wp\/v2\/product\/35544","targetHints":{"allow":["GET"]}}],"collection":[{"href":"https:\/\/www.nordi.ee\/en\/wp-json\/wp\/v2\/product"}],"about":[{"href":"https:\/\/www.nordi.ee\/en\/wp-json\/wp\/v2\/types\/product"}],"replies":[{"embeddable":true,"href":"https:\/\/www.nordi.ee\/en\/wp-json\/wp\/v2\/comments?post=35544"}],"wp:featuredmedia":[{"embeddable":true,"href":"https:\/\/www.nordi.ee\/en\/wp-json\/wp\/v2\/media\/17543"}],"wp:attachment":[{"href":"https:\/\/www.nordi.ee\/en\/wp-json\/wp\/v2\/media?parent=35544"}],"wp:term":[{"taxonomy":"product_brand","embeddable":true,"href":"https:\/\/www.nordi.ee\/en\/wp-json\/wp\/v2\/product_brand?post=35544"},{"taxonomy":"product_cat","embeddable":true,"href":"https:\/\/www.nordi.ee\/en\/wp-json\/wp\/v2\/product_cat?post=35544"},{"taxonomy":"product_tag","embeddable":true,"href":"https:\/\/www.nordi.ee\/en\/wp-json\/wp\/v2\/product_tag?post=35544"}],"curies":[{"name":"wp","href":"https:\/\/api.w.org\/{rel}","templated":true}]}}