{"id":35515,"date":"2025-11-12T07:54:35","date_gmt":"2025-11-12T05:54:35","guid":{"rendered":"https:\/\/www.nordi.ee\/toode\/webster-tugitool-pahklipuu-pruun\/"},"modified":"2026-04-13T05:21:01","modified_gmt":"2026-04-13T02:21:01","slug":"webster-tugitool-pahklipuu-pruun","status":"publish","type":"product","link":"https:\/\/www.nordi.ee\/en\/toode\/webster-tugitool-pahklipuu-pruun\/","title":{"rendered":"Kontoritool WEBSTER, p\u00e4hklipuu\/pruun"},"content":{"rendered":"<p>m\u00f5\u00f5tmed: 60\/65\/114-122\/46-54 cm, TILT mehhanism, k\u00f5verdatud puiduleht \/ \u00f6kotehnt, v\u00e4rvid: p\u00e4hkel \/ bee\u017e<\/p>\n","protected":false},"excerpt":{"rendered":"<p>m\u00f5\u00f5tmed: 60\/65\/114-122\/46-54 cm, TILT mehhanism, k\u00f5verdatud puiduleht \/ \u00f6kotehnt, v\u00e4rvid: p\u00e4hkel \/ bee\u017e<\/p>\n","protected":false},"featured_media":17531,"comment_status":"closed","ping_status":"closed","template":"","meta":{"_gspb_post_css":""},"product_brand":[],"product_cat":[216,4063],"product_tag":[],"class_list":{"0":"post-35515","1":"product","2":"type-product","3":"status-publish","4":"has-post-thumbnail","6":"product_cat-kontor","7":"product_cat-kontoritoolid","8":"pa_istmekorgus-46-54","9":"pa_kaetugi-ilma-kaetugedeta","10":"pa_kandevoime-120-kg","11":"pa_kanga-varv-beez","12":"pa_korgus-4129","13":"pa_laius-310","14":"pa_mehhanism-kallutus","15":"pa_pakkide-arv-226","16":"pa_peatugi-ilma-peatugedeta","17":"pa_ratta-tuup-kumm","18":"pa_stiil-klassikaline","19":"pa_stiil-modernne","20":"pa_sugavus-563","21":"pa_tooli-materjal-kunstnahk","22":"pa_tooli-materjal-liimpuitvineer","23":"pa_tuba-kapp","24":"pa_tuba-kontor","25":"pa_vahelaos-jah","26":"pa_varv-pahkel","28":"first","29":"instock","30":"sale","31":"purchasable","32":"product-type-simple"},"_links":{"self":[{"href":"https:\/\/www.nordi.ee\/en\/wp-json\/wp\/v2\/product\/35515","targetHints":{"allow":["GET"]}}],"collection":[{"href":"https:\/\/www.nordi.ee\/en\/wp-json\/wp\/v2\/product"}],"about":[{"href":"https:\/\/www.nordi.ee\/en\/wp-json\/wp\/v2\/types\/product"}],"replies":[{"embeddable":true,"href":"https:\/\/www.nordi.ee\/en\/wp-json\/wp\/v2\/comments?post=35515"}],"wp:featuredmedia":[{"embeddable":true,"href":"https:\/\/www.nordi.ee\/en\/wp-json\/wp\/v2\/media\/17531"}],"wp:attachment":[{"href":"https:\/\/www.nordi.ee\/en\/wp-json\/wp\/v2\/media?parent=35515"}],"wp:term":[{"taxonomy":"product_brand","embeddable":true,"href":"https:\/\/www.nordi.ee\/en\/wp-json\/wp\/v2\/product_brand?post=35515"},{"taxonomy":"product_cat","embeddable":true,"href":"https:\/\/www.nordi.ee\/en\/wp-json\/wp\/v2\/product_cat?post=35515"},{"taxonomy":"product_tag","embeddable":true,"href":"https:\/\/www.nordi.ee\/en\/wp-json\/wp\/v2\/product_tag?post=35515"}],"curies":[{"name":"wp","href":"https:\/\/api.w.org\/{rel}","templated":true}]}}