{"id":35497,"date":"2025-11-12T07:54:15","date_gmt":"2025-11-12T05:54:15","guid":{"rendered":"https:\/\/www.nordi.ee\/toode\/w57-rippuv-riidestanger-kuldne\/"},"modified":"2026-04-13T05:20:55","modified_gmt":"2026-04-13T02:20:55","slug":"riidepuu-kuldne","status":"publish","type":"product","link":"https:\/\/www.nordi.ee\/en\/toode\/riidepuu-kuldne\/","title":{"rendered":"Riidepuu, kuldne"},"content":{"rendered":"<p>m\u00f5\u00f5dud: \u00d840\/180 cm, materjal: kroomteras, v\u00e4rv: kuldne<\/p>\n","protected":false},"excerpt":{"rendered":"<p>m\u00f5\u00f5dud: \u00d840\/180 cm, materjal: kroomteras, v\u00e4rv: kuldne<\/p>\n","protected":false},"featured_media":17511,"comment_status":"closed","ping_status":"closed","template":"","meta":{"_gspb_post_css":""},"product_brand":[],"product_cat":[187,4069],"product_tag":[],"class_list":{"0":"post-35497","1":"product","2":"type-product","3":"status-publish","4":"has-post-thumbnail","6":"product_cat-esikumoobel","7":"product_cat-riidenagid","8":"pa_korgus-1109","9":"pa_laius-572","10":"pa_materjal-kroomitud-teras","11":"pa_materjal-metall","12":"pa_pakkide-arv-226","13":"pa_pohja-diameeter-2182","14":"pa_stiil-klassikaline","15":"pa_stiil-traditsiooniline","16":"pa_sugavus-646","17":"pa_vahelaos-ei","18":"pa_varv-kuldne","20":"first","21":"instock","22":"sale","23":"purchasable","24":"product-type-simple"},"_links":{"self":[{"href":"https:\/\/www.nordi.ee\/en\/wp-json\/wp\/v2\/product\/35497","targetHints":{"allow":["GET"]}}],"collection":[{"href":"https:\/\/www.nordi.ee\/en\/wp-json\/wp\/v2\/product"}],"about":[{"href":"https:\/\/www.nordi.ee\/en\/wp-json\/wp\/v2\/types\/product"}],"replies":[{"embeddable":true,"href":"https:\/\/www.nordi.ee\/en\/wp-json\/wp\/v2\/comments?post=35497"}],"wp:featuredmedia":[{"embeddable":true,"href":"https:\/\/www.nordi.ee\/en\/wp-json\/wp\/v2\/media\/17511"}],"wp:attachment":[{"href":"https:\/\/www.nordi.ee\/en\/wp-json\/wp\/v2\/media?parent=35497"}],"wp:term":[{"taxonomy":"product_brand","embeddable":true,"href":"https:\/\/www.nordi.ee\/en\/wp-json\/wp\/v2\/product_brand?post=35497"},{"taxonomy":"product_cat","embeddable":true,"href":"https:\/\/www.nordi.ee\/en\/wp-json\/wp\/v2\/product_cat?post=35497"},{"taxonomy":"product_tag","embeddable":true,"href":"https:\/\/www.nordi.ee\/en\/wp-json\/wp\/v2\/product_tag?post=35497"}],"curies":[{"name":"wp","href":"https:\/\/api.w.org\/{rel}","templated":true}]}}