{"id":35492,"date":"2025-11-12T07:54:04","date_gmt":"2025-11-12T05:54:04","guid":{"rendered":"https:\/\/www.nordi.ee\/toode\/riidenagi-halden-hobe\/"},"modified":"2026-04-13T05:20:52","modified_gmt":"2026-04-13T02:20:52","slug":"riidenagi-halden-hobe","status":"publish","type":"product","link":"https:\/\/www.nordi.ee\/en\/toode\/riidenagi-halden-hobe\/","title":{"rendered":"Riidenagi HALDEN, h\u00f5be"},"content":{"rendered":"<p>m\u00f5\u00f5tmed: fi38\/180 cm, materjal: fooliots teras \/ massiivne puu \/ looduslik kivi, v\u00e4rv: h\u00f5be<\/p>\n","protected":false},"excerpt":{"rendered":"<p>m\u00f5\u00f5tmed: fi38\/180 cm, materjal: fooliots teras \/ massiivne puu \/ looduslik kivi, v\u00e4rv: h\u00f5be<\/p>\n","protected":false},"featured_media":17501,"comment_status":"closed","ping_status":"open","template":"","meta":{"_gspb_post_css":""},"product_brand":[],"product_cat":[187,4069],"product_tag":[],"class_list":{"0":"post-35492","1":"product","2":"type-product","3":"status-publish","4":"has-post-thumbnail","6":"product_cat-esikumoobel","7":"product_cat-riidenagid","8":"pa_korgus-1109","9":"pa_materjal-metall","10":"pa_pakkide-arv-226","11":"pa_pohja-diameeter-2170","12":"pa_raami-materjal-metall","13":"pa_raami-varv-hobedane","14":"pa_stiil-traditsiooniline","15":"pa_vahelaos-jah","16":"pa_varv-hobedane","18":"first","19":"instock","20":"sale","21":"purchasable","22":"product-type-simple"},"_links":{"self":[{"href":"https:\/\/www.nordi.ee\/en\/wp-json\/wp\/v2\/product\/35492","targetHints":{"allow":["GET"]}}],"collection":[{"href":"https:\/\/www.nordi.ee\/en\/wp-json\/wp\/v2\/product"}],"about":[{"href":"https:\/\/www.nordi.ee\/en\/wp-json\/wp\/v2\/types\/product"}],"replies":[{"embeddable":true,"href":"https:\/\/www.nordi.ee\/en\/wp-json\/wp\/v2\/comments?post=35492"}],"wp:featuredmedia":[{"embeddable":true,"href":"https:\/\/www.nordi.ee\/en\/wp-json\/wp\/v2\/media\/17501"}],"wp:attachment":[{"href":"https:\/\/www.nordi.ee\/en\/wp-json\/wp\/v2\/media?parent=35492"}],"wp:term":[{"taxonomy":"product_brand","embeddable":true,"href":"https:\/\/www.nordi.ee\/en\/wp-json\/wp\/v2\/product_brand?post=35492"},{"taxonomy":"product_cat","embeddable":true,"href":"https:\/\/www.nordi.ee\/en\/wp-json\/wp\/v2\/product_cat?post=35492"},{"taxonomy":"product_tag","embeddable":true,"href":"https:\/\/www.nordi.ee\/en\/wp-json\/wp\/v2\/product_tag?post=35492"}],"curies":[{"name":"wp","href":"https:\/\/api.w.org\/{rel}","templated":true}]}}