{"id":35433,"date":"2025-11-12T07:49:22","date_gmt":"2025-11-12T05:49:22","guid":{"rendered":"https:\/\/www.nordi.ee\/toode\/pikendatav-soogilaud-volant-140x200-pind-must-marmor-jalad-kuldne-tamm-must\/"},"modified":"2026-04-13T05:20:43","modified_gmt":"2026-04-13T02:20:43","slug":"pikendatav-soogilaud-volant-140x200-must-marmor","status":"publish","type":"product","link":"https:\/\/www.nordi.ee\/en\/toode\/pikendatav-soogilaud-volant-140x200-must-marmor\/","title":{"rendered":"Pikendatav S\u00f6\u00f6gilaud VOLANT140x200, must marmor"},"content":{"rendered":"<p>m\u00f5\u00f5tmed: 140-180\/90\/76 cm, pikendatav laud, materjal: sintritud kivi lakitud MDF \/ laminaat MDF \/ pulberv\u00e4rvitud teras, v\u00e4rv: pind &#8211; must marmor, jalad &#8211; kuldne tamm \/ must<\/p>\n","protected":false},"excerpt":{"rendered":"<p>m\u00f5\u00f5tmed: 140-180\/90\/76 cm, pikendatav laud, materjal: sintritud kivi lakitud MDF \/ laminaat MDF \/ pulberv\u00e4rvitud teras, v\u00e4rv: pind &#8211; must marmor, jalad &#8211; kuldne tamm \/ must<\/p>\n","protected":false},"featured_media":17457,"comment_status":"closed","ping_status":"closed","template":"","meta":{"_gspb_post_css":""},"product_brand":[],"product_cat":[190,167],"product_tag":[],"class_list":{"0":"post-35433","1":"product","2":"type-product","3":"status-publish","4":"has-post-thumbnail","6":"product_cat-soogilauad","7":"product_cat-soogituba","8":"pa_jalgade-arv-547","9":"pa_korgus-406","10":"pa_laius-349","11":"pa_laua-suurus-8-person-6-person","12":"pa_laua-varvus-must","13":"pa_laua-varvus-must-marmor","14":"pa_laua-viimistlus-matt","15":"pa_lauaplaadi-kuju-ristkulikukujuline","16":"pa_lauaplaadi-materjal-sinter","17":"pa_maximum-pikkus-4211","18":"pa_pakkide-arv-466","19":"pa_pikendatav-jah","20":"pa_raami-materjal-metall","21":"pa_stiil-loft","22":"pa_stiil-modernne","23":"pa_sugavus-4088","24":"pa_vahelaos-ei","25":"pa_varv-tamm","27":"first","28":"instock","29":"sale","30":"purchasable","31":"product-type-simple"},"_links":{"self":[{"href":"https:\/\/www.nordi.ee\/en\/wp-json\/wp\/v2\/product\/35433","targetHints":{"allow":["GET"]}}],"collection":[{"href":"https:\/\/www.nordi.ee\/en\/wp-json\/wp\/v2\/product"}],"about":[{"href":"https:\/\/www.nordi.ee\/en\/wp-json\/wp\/v2\/types\/product"}],"replies":[{"embeddable":true,"href":"https:\/\/www.nordi.ee\/en\/wp-json\/wp\/v2\/comments?post=35433"}],"wp:featuredmedia":[{"embeddable":true,"href":"https:\/\/www.nordi.ee\/en\/wp-json\/wp\/v2\/media\/17457"}],"wp:attachment":[{"href":"https:\/\/www.nordi.ee\/en\/wp-json\/wp\/v2\/media?parent=35433"}],"wp:term":[{"taxonomy":"product_brand","embeddable":true,"href":"https:\/\/www.nordi.ee\/en\/wp-json\/wp\/v2\/product_brand?post=35433"},{"taxonomy":"product_cat","embeddable":true,"href":"https:\/\/www.nordi.ee\/en\/wp-json\/wp\/v2\/product_cat?post=35433"},{"taxonomy":"product_tag","embeddable":true,"href":"https:\/\/www.nordi.ee\/en\/wp-json\/wp\/v2\/product_tag?post=35433"}],"curies":[{"name":"wp","href":"https:\/\/api.w.org\/{rel}","templated":true}]}}