{"id":35404,"date":"2025-11-12T07:49:22","date_gmt":"2025-11-12T05:49:22","guid":{"rendered":"https:\/\/www.nordi.ee\/toode\/soogilaud-vivaldi-valge-marmor-valge\/"},"modified":"2026-04-13T05:20:41","modified_gmt":"2026-04-13T02:20:41","slug":"soogilaud-vivaldi-valge-marmor","status":"publish","type":"product","link":"https:\/\/www.nordi.ee\/en\/toode\/soogilaud-vivaldi-valge-marmor\/","title":{"rendered":"S\u00f6\u00f6gilaud VIVALDI, valge marmor"},"content":{"rendered":"<p>m\u00f5\u00f5dud: 160-200\/89\/78 cm, materjal: sinterdatud kivi \/ lakitud MDF \/ pulberkaetud teras, v\u00e4rv: peal &#8211; valge marmor, jalad &#8211; valged<\/p>\n","protected":false},"excerpt":{"rendered":"<p>m\u00f5\u00f5dud: 160-200\/89\/78 cm, materjal: sinterdatud kivi \/ lakitud MDF \/ pulberkaetud teras, v\u00e4rv: peal &#8211; valge marmor, jalad &#8211; valged<\/p>\n","protected":false},"featured_media":17449,"comment_status":"closed","ping_status":"closed","template":"","meta":{"_gspb_post_css":""},"product_brand":[],"product_cat":[190,167],"product_tag":[],"class_list":{"0":"post-35404","1":"product","2":"type-product","3":"status-publish","4":"has-post-thumbnail","6":"product_cat-soogilauad","7":"product_cat-soogituba","8":"pa_jalgade-arv-289","9":"pa_korgus-766","10":"pa_laius-2082","11":"pa_laua-suurus-8-person-6-person","12":"pa_laua-varvus-valge","13":"pa_laua-viimistlus-matt","14":"pa_lauaplaadi-kuju-ristkulikukujuline","15":"pa_lauaplaadi-materjal-lakitud-mdf","16":"pa_lauaplaadi-materjal-sinterkivi","17":"pa_maximum-pikkus-4207","18":"pa_pakkide-arv-295","19":"pa_pikendatav-jah","20":"pa_raami-materjal-metall","21":"pa_stiil-glamuur","22":"pa_stiil-moodne","23":"pa_sugavus-4084","24":"pa_vahelaos-ei","25":"pa_varv-valge","27":"first","28":"instock","29":"sale","30":"purchasable","31":"product-type-simple"},"_links":{"self":[{"href":"https:\/\/www.nordi.ee\/en\/wp-json\/wp\/v2\/product\/35404","targetHints":{"allow":["GET"]}}],"collection":[{"href":"https:\/\/www.nordi.ee\/en\/wp-json\/wp\/v2\/product"}],"about":[{"href":"https:\/\/www.nordi.ee\/en\/wp-json\/wp\/v2\/types\/product"}],"replies":[{"embeddable":true,"href":"https:\/\/www.nordi.ee\/en\/wp-json\/wp\/v2\/comments?post=35404"}],"wp:featuredmedia":[{"embeddable":true,"href":"https:\/\/www.nordi.ee\/en\/wp-json\/wp\/v2\/media\/17449"}],"wp:attachment":[{"href":"https:\/\/www.nordi.ee\/en\/wp-json\/wp\/v2\/media?parent=35404"}],"wp:term":[{"taxonomy":"product_brand","embeddable":true,"href":"https:\/\/www.nordi.ee\/en\/wp-json\/wp\/v2\/product_brand?post=35404"},{"taxonomy":"product_cat","embeddable":true,"href":"https:\/\/www.nordi.ee\/en\/wp-json\/wp\/v2\/product_cat?post=35404"},{"taxonomy":"product_tag","embeddable":true,"href":"https:\/\/www.nordi.ee\/en\/wp-json\/wp\/v2\/product_tag?post=35404"}],"curies":[{"name":"wp","href":"https:\/\/api.w.org\/{rel}","templated":true}]}}