{"id":35373,"date":"2025-11-12T07:48:25","date_gmt":"2025-11-12T05:48:25","guid":{"rendered":"https:\/\/www.nordi.ee\/toode\/vitorino-pikendustabel-varv-pind-valge-marmor-jalad-must\/"},"modified":"2026-04-13T05:20:39","modified_gmt":"2026-04-13T02:20:39","slug":"vitorino-pikendustabel-varv-pind-valge-marmr","status":"publish","type":"product","link":"https:\/\/www.nordi.ee\/en\/toode\/vitorino-pikendustabel-varv-pind-valge-marmr\/","title":{"rendered":"Pikendatava s\u00f6\u00f6gilaud VITORINA, valge marmor"},"content":{"rendered":"<p>m\u00f5\u00f5tmed: 160-220\/90\/75\/125 cm; pikendatav laud, materjal: sintered stone \/ pulberkattega teras, v\u00e4rv: peal &#8211; valge marmor, jalad &#8211; mustad<\/p>\n","protected":false},"excerpt":{"rendered":"<p>m\u00f5\u00f5tmed: 160-220\/90\/75\/125 cm; pikendatav laud, materjal: sintered stone \/ pulberkattega teras, v\u00e4rv: peal &#8211; valge marmor, jalad &#8211; mustad<\/p>\n","protected":false},"featured_media":17441,"comment_status":"closed","ping_status":"closed","template":"","meta":{"_gspb_post_css":""},"product_brand":[],"product_cat":[190,167],"product_tag":[],"class_list":{"0":"post-35373","1":"product","2":"type-product","3":"status-publish","4":"has-post-thumbnail","6":"product_cat-soogilauad","7":"product_cat-soogituba","8":"pa_jalgade-arv-289","9":"pa_korgus-287","10":"pa_laius-349","11":"pa_laua-suurus-8-person-6-person","12":"pa_laua-varvus-valge","13":"pa_laua-varvus-valge-marmor","14":"pa_laua-viimistlus-laikiv","15":"pa_lauaplaadi-kuju-ristkulikukujuline","16":"pa_lauaplaadi-materjal-sinter","17":"pa_maximum-pikkus-4212","18":"pa_pakkide-arv-295","19":"pa_pikendatav-jah","20":"pa_raami-materjal-metall","21":"pa_stiil-kaasaegne","22":"pa_sugavus-4084","23":"pa_vahelaos-jah","24":"pa_varv-must","25":"pa_varv-valge","27":"first","28":"instock","29":"sale","30":"purchasable","31":"product-type-simple"},"_links":{"self":[{"href":"https:\/\/www.nordi.ee\/en\/wp-json\/wp\/v2\/product\/35373","targetHints":{"allow":["GET"]}}],"collection":[{"href":"https:\/\/www.nordi.ee\/en\/wp-json\/wp\/v2\/product"}],"about":[{"href":"https:\/\/www.nordi.ee\/en\/wp-json\/wp\/v2\/types\/product"}],"replies":[{"embeddable":true,"href":"https:\/\/www.nordi.ee\/en\/wp-json\/wp\/v2\/comments?post=35373"}],"wp:featuredmedia":[{"embeddable":true,"href":"https:\/\/www.nordi.ee\/en\/wp-json\/wp\/v2\/media\/17441"}],"wp:attachment":[{"href":"https:\/\/www.nordi.ee\/en\/wp-json\/wp\/v2\/media?parent=35373"}],"wp:term":[{"taxonomy":"product_brand","embeddable":true,"href":"https:\/\/www.nordi.ee\/en\/wp-json\/wp\/v2\/product_brand?post=35373"},{"taxonomy":"product_cat","embeddable":true,"href":"https:\/\/www.nordi.ee\/en\/wp-json\/wp\/v2\/product_cat?post=35373"},{"taxonomy":"product_tag","embeddable":true,"href":"https:\/\/www.nordi.ee\/en\/wp-json\/wp\/v2\/product_tag?post=35373"}],"curies":[{"name":"wp","href":"https:\/\/api.w.org\/{rel}","templated":true}]}}