{"id":35372,"date":"2025-11-12T07:48:25","date_gmt":"2025-11-12T05:48:25","guid":{"rendered":"https:\/\/www.nordi.ee\/toode\/laud-vision\/"},"modified":"2026-04-13T05:20:39","modified_gmt":"2026-04-13T02:20:39","slug":"laud-vision","status":"publish","type":"product","link":"https:\/\/www.nordi.ee\/en\/toode\/laud-vision\/","title":{"rendered":"S\u00f6\u00f6gilaud VISION"},"content":{"rendered":"<p>laiendatav laud, m\u00f5\u00f5tmed: 160-200\/90\/76 cm, materjal: lakitud MDF \/ roostevaba teras, v\u00e4rv: valge<\/p>\n","protected":false},"excerpt":{"rendered":"<p>laiendatav laud, m\u00f5\u00f5tmed: 160-200\/90\/76 cm, materjal: lakitud MDF \/ roostevaba teras, v\u00e4rv: valge<\/p>\n","protected":false},"featured_media":17437,"comment_status":"closed","ping_status":"closed","template":"","meta":{"_gspb_post_css":""},"product_brand":[],"product_cat":[190,167],"product_tag":[],"class_list":{"0":"post-35372","1":"product","2":"type-product","3":"status-publish","4":"has-post-thumbnail","6":"product_cat-soogilauad","7":"product_cat-soogituba","8":"pa_jalgade-arv-2-1","9":"pa_korgus-406","10":"pa_laius-349","11":"pa_laua-suurus-6-person-8-person","12":"pa_laua-varvus-valge","13":"pa_laua-viimistlus-laikiv","14":"pa_lauaplaadi-kuju-ristkulikukujuline","15":"pa_lauaplaadi-materjal-lakitud-mdf","16":"pa_maximum-pikkus-4207","17":"pa_pakkide-arv-466","18":"pa_pikendatav-jah","19":"pa_raami-materjal-metall","20":"pa_stiil-glamuurne","21":"pa_stiil-kaasaegne","22":"pa_sugavus-4084","23":"pa_vahelaos-jah","24":"pa_varv-valge","26":"first","27":"instock","28":"sale","29":"purchasable","30":"product-type-simple"},"_links":{"self":[{"href":"https:\/\/www.nordi.ee\/en\/wp-json\/wp\/v2\/product\/35372","targetHints":{"allow":["GET"]}}],"collection":[{"href":"https:\/\/www.nordi.ee\/en\/wp-json\/wp\/v2\/product"}],"about":[{"href":"https:\/\/www.nordi.ee\/en\/wp-json\/wp\/v2\/types\/product"}],"replies":[{"embeddable":true,"href":"https:\/\/www.nordi.ee\/en\/wp-json\/wp\/v2\/comments?post=35372"}],"wp:featuredmedia":[{"embeddable":true,"href":"https:\/\/www.nordi.ee\/en\/wp-json\/wp\/v2\/media\/17437"}],"wp:attachment":[{"href":"https:\/\/www.nordi.ee\/en\/wp-json\/wp\/v2\/media?parent=35372"}],"wp:term":[{"taxonomy":"product_brand","embeddable":true,"href":"https:\/\/www.nordi.ee\/en\/wp-json\/wp\/v2\/product_brand?post=35372"},{"taxonomy":"product_cat","embeddable":true,"href":"https:\/\/www.nordi.ee\/en\/wp-json\/wp\/v2\/product_cat?post=35372"},{"taxonomy":"product_tag","embeddable":true,"href":"https:\/\/www.nordi.ee\/en\/wp-json\/wp\/v2\/product_tag?post=35372"}],"curies":[{"name":"wp","href":"https:\/\/api.w.org\/{rel}","templated":true}]}}