{"id":35332,"date":"2025-11-12T07:46:29","date_gmt":"2025-11-12T05:46:29","guid":{"rendered":"https:\/\/www.nordi.ee\/toode\/pikendatav-laud-vinston-pind-tumehall-must-jalad-must\/"},"modified":"2026-04-13T05:20:30","modified_gmt":"2026-04-13T02:20:30","slug":"pikendatav-laud-vinston-tumehall","status":"publish","type":"product","link":"https:\/\/www.nordi.ee\/en\/toode\/pikendatav-laud-vinston-tumehall\/","title":{"rendered":"Pikendatav s\u00f6\u00f6gilaud VINSTON, tumehall"},"content":{"rendered":"<p>pikendatav laud, m\u00f5\u00f5tmed: 180-230\/95\/76 cm, materjal: lakitud MDF + HPL plaat \/ pulberkattega teras, v\u00e4rv: pealmine &#8211; tumehall \/ must, jalad &#8211; must<\/p>\n","protected":false},"excerpt":{"rendered":"<p>pikendatav laud, m\u00f5\u00f5tmed: 180-230\/95\/76 cm, materjal: lakitud MDF + HPL plaat \/ pulberkattega teras, v\u00e4rv: pealmine &#8211; tumehall \/ must, jalad &#8211; must<\/p>\n","protected":false},"featured_media":17397,"comment_status":"closed","ping_status":"closed","template":"","meta":{"_gspb_post_css":""},"product_brand":[],"product_cat":[190,167],"product_tag":[],"class_list":{"0":"post-35332","1":"product","2":"type-product","3":"status-publish","4":"has-post-thumbnail","6":"product_cat-soogilauad","7":"product_cat-soogituba","8":"pa_jalgade-arv-547","9":"pa_korgus-406","10":"pa_laius-382","11":"pa_laua-suurus-8-person","12":"pa_laua-varvus-hall","13":"pa_laua-viimistlus-matt","14":"pa_lauaplaadi-kuju-ristkulikukujuline","15":"pa_lauaplaadi-materjal-lakitud-mdf","16":"pa_maximum-pikkus-4220","17":"pa_pakkide-arv-466","18":"pa_pikendatav-jah","19":"pa_raami-materjal-metall","20":"pa_stiil-kaasaegne","21":"pa_sugavus-4101","22":"pa_vahelaos-ei","23":"pa_varv-hall","24":"pa_varv-must","26":"first","27":"instock","28":"sale","29":"purchasable","30":"product-type-simple"},"_links":{"self":[{"href":"https:\/\/www.nordi.ee\/en\/wp-json\/wp\/v2\/product\/35332","targetHints":{"allow":["GET"]}}],"collection":[{"href":"https:\/\/www.nordi.ee\/en\/wp-json\/wp\/v2\/product"}],"about":[{"href":"https:\/\/www.nordi.ee\/en\/wp-json\/wp\/v2\/types\/product"}],"replies":[{"embeddable":true,"href":"https:\/\/www.nordi.ee\/en\/wp-json\/wp\/v2\/comments?post=35332"}],"wp:featuredmedia":[{"embeddable":true,"href":"https:\/\/www.nordi.ee\/en\/wp-json\/wp\/v2\/media\/17397"}],"wp:attachment":[{"href":"https:\/\/www.nordi.ee\/en\/wp-json\/wp\/v2\/media?parent=35332"}],"wp:term":[{"taxonomy":"product_brand","embeddable":true,"href":"https:\/\/www.nordi.ee\/en\/wp-json\/wp\/v2\/product_brand?post=35332"},{"taxonomy":"product_cat","embeddable":true,"href":"https:\/\/www.nordi.ee\/en\/wp-json\/wp\/v2\/product_cat?post=35332"},{"taxonomy":"product_tag","embeddable":true,"href":"https:\/\/www.nordi.ee\/en\/wp-json\/wp\/v2\/product_tag?post=35332"}],"curies":[{"name":"wp","href":"https:\/\/api.w.org\/{rel}","templated":true}]}}