{"id":35236,"date":"2025-11-12T07:42:00","date_gmt":"2025-11-12T05:42:00","guid":{"rendered":"https:\/\/www.nordi.ee\/toode\/vertigo-pikendustabel-varv-plaat-valge-marmor-jalad-mustad\/"},"modified":"2026-04-13T05:20:23","modified_gmt":"2026-04-13T02:20:23","slug":"pikendatav-soogilaud-verti-valge-marmor","status":"publish","type":"product","link":"https:\/\/www.nordi.ee\/en\/toode\/pikendatav-soogilaud-verti-valge-marmor\/","title":{"rendered":"Pikendatav s\u00f6\u00f6gilaud VERTI, valge marmor"},"content":{"rendered":"<p>laiendatav laud, m\u00f5\u00f5tmed: 130-180\/130\/76 cm, materjal: klaas \/ lakitud MDF \/ pulberkattega teras, v\u00e4rv: pind &#8211; valge marmor, jalad &#8211; must<\/p>\n","protected":false},"excerpt":{"rendered":"<p>laiendatav laud, m\u00f5\u00f5tmed: 130-180\/130\/76 cm, materjal: klaas \/ lakitud MDF \/ pulberkattega teras, v\u00e4rv: pind &#8211; valge marmor, jalad &#8211; must<\/p>\n","protected":false},"featured_media":17358,"comment_status":"closed","ping_status":"closed","template":"","meta":{"_gspb_post_css":""},"product_brand":[],"product_cat":[190,167],"product_tag":[],"class_list":{"0":"post-35236","1":"product","2":"type-product","3":"status-publish","4":"has-post-thumbnail","6":"product_cat-soogilauad","7":"product_cat-soogituba","8":"pa_jalgade-arv-289","9":"pa_korgus-406","10":"pa_laius-1893","11":"pa_laua-suurus-4-person-6-person","12":"pa_laua-varvus-valge","13":"pa_laua-varvus-valge-marmor","14":"pa_laua-viimistlus-laikiv","15":"pa_lauaplaadi-kuju-ovaalne","16":"pa_lauaplaadi-kuju-ummargune","17":"pa_lauaplaadi-materjal-klaas","18":"pa_maximum-pikkus-4211","19":"pa_pakkide-arv-295","20":"pa_pikendatav-jah","21":"pa_raami-materjal-metall","22":"pa_stiil-kaasaegne","23":"pa_sugavus-1301","24":"pa_vahelaos-jah","25":"pa_varv-must","26":"pa_varv-valge","28":"first","29":"instock","30":"sale","31":"purchasable","32":"product-type-simple"},"_links":{"self":[{"href":"https:\/\/www.nordi.ee\/en\/wp-json\/wp\/v2\/product\/35236","targetHints":{"allow":["GET"]}}],"collection":[{"href":"https:\/\/www.nordi.ee\/en\/wp-json\/wp\/v2\/product"}],"about":[{"href":"https:\/\/www.nordi.ee\/en\/wp-json\/wp\/v2\/types\/product"}],"replies":[{"embeddable":true,"href":"https:\/\/www.nordi.ee\/en\/wp-json\/wp\/v2\/comments?post=35236"}],"wp:featuredmedia":[{"embeddable":true,"href":"https:\/\/www.nordi.ee\/en\/wp-json\/wp\/v2\/media\/17358"}],"wp:attachment":[{"href":"https:\/\/www.nordi.ee\/en\/wp-json\/wp\/v2\/media?parent=35236"}],"wp:term":[{"taxonomy":"product_brand","embeddable":true,"href":"https:\/\/www.nordi.ee\/en\/wp-json\/wp\/v2\/product_brand?post=35236"},{"taxonomy":"product_cat","embeddable":true,"href":"https:\/\/www.nordi.ee\/en\/wp-json\/wp\/v2\/product_cat?post=35236"},{"taxonomy":"product_tag","embeddable":true,"href":"https:\/\/www.nordi.ee\/en\/wp-json\/wp\/v2\/product_tag?post=35236"}],"curies":[{"name":"wp","href":"https:\/\/api.w.org\/{rel}","templated":true}]}}