{"id":35221,"date":"2025-11-12T07:40:40","date_gmt":"2025-11-12T05:40:40","guid":{"rendered":"https:\/\/www.nordi.ee\/toode\/seinapeegel-vero-hobe\/"},"modified":"2026-04-13T05:20:21","modified_gmt":"2026-04-13T02:20:21","slug":"seinapeegel-vero-hobe","status":"publish","type":"product","link":"https:\/\/www.nordi.ee\/en\/toode\/seinapeegel-vero-hobe\/","title":{"rendered":"Seinapeegel VERO, h\u00f5be"},"content":{"rendered":"<p>vannitoa seina peegel, m\u00f5\u00f5dud: 60\/80\/3.7 cm \/ LED taustvalgustus \/ horisontaalne ja vertikaalne paigaldus \/ programmi m\u00e4lu funktsioon \/ uduvastane funktsioon \/ heleduse reguleerimine \/ k\u00fclm v\u00f5i soe valgus \/ puute l\u00fcliti, materjal: alus &#8211; alumiiniumplaat ja raam \/ mi<\/p>\n","protected":false},"excerpt":{"rendered":"<p>vannitoa seina peegel, m\u00f5\u00f5dud: 60\/80\/3.7 cm \/ LED taustvalgustus \/ horisontaalne ja vertikaalne paigaldus \/ programmi m\u00e4lu funktsioon \/ uduvastane funktsioon \/ heleduse reguleerimine \/ k\u00fclm v\u00f5i soe valgus \/ puute l\u00fcliti, materjal: alus &#8211; alumiiniumplaat ja raam \/ mi<\/p>\n","protected":false},"featured_media":17348,"comment_status":"closed","ping_status":"open","template":"","meta":{"_gspb_post_css":""},"product_brand":[],"product_cat":[181],"product_tag":[],"class_list":{"0":"post-35221","1":"product","2":"type-product","3":"status-publish","4":"has-post-thumbnail","6":"product_cat-peeglid","7":"pa_korgus-910","8":"pa_laius-310","9":"pa_lisafunktsioonid-led-valgustus","10":"pa_materjal-metall","11":"pa_materjal-peegel","12":"pa_pakkide-arv-226","13":"pa_raami-materjal-alumiinium","14":"pa_stiil-kaasaegne","15":"pa_sugavus-1010","16":"pa_vahelaos-jah","17":"pa_varv-hobedane","19":"first","20":"instock","21":"sale","22":"purchasable","23":"product-type-simple"},"_links":{"self":[{"href":"https:\/\/www.nordi.ee\/en\/wp-json\/wp\/v2\/product\/35221","targetHints":{"allow":["GET"]}}],"collection":[{"href":"https:\/\/www.nordi.ee\/en\/wp-json\/wp\/v2\/product"}],"about":[{"href":"https:\/\/www.nordi.ee\/en\/wp-json\/wp\/v2\/types\/product"}],"replies":[{"embeddable":true,"href":"https:\/\/www.nordi.ee\/en\/wp-json\/wp\/v2\/comments?post=35221"}],"wp:featuredmedia":[{"embeddable":true,"href":"https:\/\/www.nordi.ee\/en\/wp-json\/wp\/v2\/media\/17348"}],"wp:attachment":[{"href":"https:\/\/www.nordi.ee\/en\/wp-json\/wp\/v2\/media?parent=35221"}],"wp:term":[{"taxonomy":"product_brand","embeddable":true,"href":"https:\/\/www.nordi.ee\/en\/wp-json\/wp\/v2\/product_brand?post=35221"},{"taxonomy":"product_cat","embeddable":true,"href":"https:\/\/www.nordi.ee\/en\/wp-json\/wp\/v2\/product_cat?post=35221"},{"taxonomy":"product_tag","embeddable":true,"href":"https:\/\/www.nordi.ee\/en\/wp-json\/wp\/v2\/product_tag?post=35221"}],"curies":[{"name":"wp","href":"https:\/\/api.w.org\/{rel}","templated":true}]}}