{"id":35187,"date":"2025-11-12T07:39:28","date_gmt":"2025-11-12T05:39:28","guid":{"rendered":"https:\/\/www.nordi.ee\/toode\/pink-velmar-hall-must\/"},"modified":"2026-04-13T05:20:16","modified_gmt":"2026-04-13T02:20:16","slug":"pink-velmar-hall-must","status":"publish","type":"product","link":"https:\/\/www.nordi.ee\/en\/toode\/pink-velmar-hall-must\/","title":{"rendered":"Pink VELMAR, hall \/ must"},"content":{"rendered":"<p>m\u00f5\u00f5dud: 78\/37\/42 cm, pink koos hoiufunktsiooniga, materjal: sametkangas \/ kromitud teras v\u00f5i pulberv\u00e4rvitud teras, v\u00e4rv: hall \/ must<\/p>\n","protected":false},"excerpt":{"rendered":"<p>m\u00f5\u00f5dud: 78\/37\/42 cm, pink koos hoiufunktsiooniga, materjal: sametkangas \/ kromitud teras v\u00f5i pulberv\u00e4rvitud teras, v\u00e4rv: hall \/ must<\/p>\n","protected":false},"featured_media":17320,"comment_status":"closed","ping_status":"open","template":"","meta":{"_gspb_post_css":""},"product_brand":[],"product_cat":[618],"product_tag":[],"class_list":{"0":"post-35187","1":"product","2":"type-product","3":"status-publish","4":"has-post-thumbnail","6":"product_cat-pingid","7":"pa_istmekorgus-826","8":"pa_jalgade-raami-materjal-metall","9":"pa_jalgade-raami-varv-must","10":"pa_kanga-tuup-sametkangas","11":"pa_kanga-varv-hall","12":"pa_korgus-422","13":"pa_laius-1034","14":"pa_lisafunktsioonid-pesukast","15":"pa_pakkide-arv-226","16":"pa_stiil-klassikaline","17":"pa_sugavus-1037","18":"pa_vahelaos-ei","19":"pa_varv-kuldne","21":"first","22":"instock","23":"sale","24":"purchasable","25":"product-type-simple"},"_links":{"self":[{"href":"https:\/\/www.nordi.ee\/en\/wp-json\/wp\/v2\/product\/35187","targetHints":{"allow":["GET"]}}],"collection":[{"href":"https:\/\/www.nordi.ee\/en\/wp-json\/wp\/v2\/product"}],"about":[{"href":"https:\/\/www.nordi.ee\/en\/wp-json\/wp\/v2\/types\/product"}],"replies":[{"embeddable":true,"href":"https:\/\/www.nordi.ee\/en\/wp-json\/wp\/v2\/comments?post=35187"}],"wp:featuredmedia":[{"embeddable":true,"href":"https:\/\/www.nordi.ee\/en\/wp-json\/wp\/v2\/media\/17320"}],"wp:attachment":[{"href":"https:\/\/www.nordi.ee\/en\/wp-json\/wp\/v2\/media?parent=35187"}],"wp:term":[{"taxonomy":"product_brand","embeddable":true,"href":"https:\/\/www.nordi.ee\/en\/wp-json\/wp\/v2\/product_brand?post=35187"},{"taxonomy":"product_cat","embeddable":true,"href":"https:\/\/www.nordi.ee\/en\/wp-json\/wp\/v2\/product_cat?post=35187"},{"taxonomy":"product_tag","embeddable":true,"href":"https:\/\/www.nordi.ee\/en\/wp-json\/wp\/v2\/product_tag?post=35187"}],"curies":[{"name":"wp","href":"https:\/\/api.w.org\/{rel}","templated":true}]}}