{"id":35163,"date":"2025-11-12T07:37:31","date_gmt":"2025-11-12T05:37:31","guid":{"rendered":"https:\/\/www.nordi.ee\/toode\/soogilaua-komplekt-vegar-pealistus-valge-jalg-valge-kuld\/"},"modified":"2026-04-13T05:20:14","modified_gmt":"2026-04-13T02:20:14","slug":"soogilauad-vegar-valge","status":"publish","type":"product","link":"https:\/\/www.nordi.ee\/en\/toode\/soogilauad-vegar-valge\/","title":{"rendered":"S\u00f6\u00f6gilauad VEGAR, valge"},"content":{"rendered":"<p>m\u00f5\u00f5tmed: \u00d8120\/76 cm, materjal: lakkeeritud MDF \/ kroomteras, v\u00e4rv: pealmine &#8211; valge, jalg &#8211; valge \/ kuldne<\/p>\n","protected":false},"excerpt":{"rendered":"<p>m\u00f5\u00f5tmed: \u00d8120\/76 cm, materjal: lakkeeritud MDF \/ kroomteras, v\u00e4rv: pealmine &#8211; valge, jalg &#8211; valge \/ kuldne<\/p>\n","protected":false},"featured_media":17308,"comment_status":"closed","ping_status":"closed","template":"","meta":{"_gspb_post_css":""},"product_brand":[],"product_cat":[190,167],"product_tag":[],"class_list":{"0":"post-35163","1":"product","2":"type-product","3":"status-publish","4":"has-post-thumbnail","6":"product_cat-soogilauad","7":"product_cat-soogituba","8":"pa_jalgade-arv-494","9":"pa_korgus-406","10":"pa_laius-286","11":"pa_laua-suurus-5-person","12":"pa_laua-varvus-valge","13":"pa_laua-viimistlus-laikiv","14":"pa_lauaplaadi-kuju-ummargune","15":"pa_lauaplaadi-materjal-lakitud-mdf","16":"pa_pakkide-arv-295","17":"pa_pikendatav-ei","18":"pa_stiil-glamuur","19":"pa_stiil-moodne","20":"pa_sugavus-1832","21":"pa_vahelaos-jah","22":"pa_varv-kuldne","23":"pa_varv-valge","25":"first","26":"instock","27":"sale","28":"purchasable","29":"product-type-simple"},"_links":{"self":[{"href":"https:\/\/www.nordi.ee\/en\/wp-json\/wp\/v2\/product\/35163","targetHints":{"allow":["GET"]}}],"collection":[{"href":"https:\/\/www.nordi.ee\/en\/wp-json\/wp\/v2\/product"}],"about":[{"href":"https:\/\/www.nordi.ee\/en\/wp-json\/wp\/v2\/types\/product"}],"replies":[{"embeddable":true,"href":"https:\/\/www.nordi.ee\/en\/wp-json\/wp\/v2\/comments?post=35163"}],"wp:featuredmedia":[{"embeddable":true,"href":"https:\/\/www.nordi.ee\/en\/wp-json\/wp\/v2\/media\/17308"}],"wp:attachment":[{"href":"https:\/\/www.nordi.ee\/en\/wp-json\/wp\/v2\/media?parent=35163"}],"wp:term":[{"taxonomy":"product_brand","embeddable":true,"href":"https:\/\/www.nordi.ee\/en\/wp-json\/wp\/v2\/product_brand?post=35163"},{"taxonomy":"product_cat","embeddable":true,"href":"https:\/\/www.nordi.ee\/en\/wp-json\/wp\/v2\/product_cat?post=35163"},{"taxonomy":"product_tag","embeddable":true,"href":"https:\/\/www.nordi.ee\/en\/wp-json\/wp\/v2\/product_tag?post=35163"}],"curies":[{"name":"wp","href":"https:\/\/api.w.org\/{rel}","templated":true}]}}