{"id":35060,"date":"2025-11-12T07:33:06","date_gmt":"2025-11-12T05:33:06","guid":{"rendered":"https:\/\/www.nordi.ee\/toode\/kohvilaud-univeron-hobedane\/"},"modified":"2026-04-13T05:20:02","modified_gmt":"2026-04-13T02:20:02","slug":"kohvilaud-univeron-hobedane","status":"publish","type":"product","link":"https:\/\/www.nordi.ee\/en\/toode\/kohvilaud-univeron-hobedane\/","title":{"rendered":"Kohvilaud UNIVERON, h\u00f5bedane"},"content":{"rendered":"<p>m\u00f5\u00f5tmed: 120\/60\/45 cm, materjal: klaas \/ roostevaba teras, v\u00e4rv: suitsune \/ h\u00f5bedane<\/p>\n","protected":false},"excerpt":{"rendered":"<p>m\u00f5\u00f5tmed: 120\/60\/45 cm, materjal: klaas \/ roostevaba teras, v\u00e4rv: suitsune \/ h\u00f5bedane<\/p>\n","protected":false},"featured_media":17253,"comment_status":"closed","ping_status":"open","template":"","meta":{"_gspb_post_css":""},"product_brand":[],"product_cat":[178,165],"product_tag":[],"class_list":{"0":"post-35060","1":"product","2":"type-product","3":"status-publish","4":"has-post-thumbnail","6":"product_cat-diivanilauad","7":"product_cat-elutuba","8":"pa_korgus-343","9":"pa_laius-286","10":"pa_laua-varvus-labipaistev-klaas","11":"pa_laua-viimistlus-laikiv","12":"pa_lauaplaadi-kuju-ristkulikukujuline","13":"pa_lauaplaadi-materjal-klaas","14":"pa_materjal-roostevaba-teras","15":"pa_pakkide-arv-226","16":"pa_raami-materjal-metall","17":"pa_raami-varv-kroomitud","18":"pa_stiil-glamuurne","19":"pa_stiil-kaasaegne","20":"pa_sugavus-316","21":"pa_vahelaos-jah","22":"pa_varv-must","24":"first","25":"instock","26":"sale","27":"purchasable","28":"product-type-simple"},"_links":{"self":[{"href":"https:\/\/www.nordi.ee\/en\/wp-json\/wp\/v2\/product\/35060","targetHints":{"allow":["GET"]}}],"collection":[{"href":"https:\/\/www.nordi.ee\/en\/wp-json\/wp\/v2\/product"}],"about":[{"href":"https:\/\/www.nordi.ee\/en\/wp-json\/wp\/v2\/types\/product"}],"replies":[{"embeddable":true,"href":"https:\/\/www.nordi.ee\/en\/wp-json\/wp\/v2\/comments?post=35060"}],"wp:featuredmedia":[{"embeddable":true,"href":"https:\/\/www.nordi.ee\/en\/wp-json\/wp\/v2\/media\/17253"}],"wp:attachment":[{"href":"https:\/\/www.nordi.ee\/en\/wp-json\/wp\/v2\/media?parent=35060"}],"wp:term":[{"taxonomy":"product_brand","embeddable":true,"href":"https:\/\/www.nordi.ee\/en\/wp-json\/wp\/v2\/product_brand?post=35060"},{"taxonomy":"product_cat","embeddable":true,"href":"https:\/\/www.nordi.ee\/en\/wp-json\/wp\/v2\/product_cat?post=35060"},{"taxonomy":"product_tag","embeddable":true,"href":"https:\/\/www.nordi.ee\/en\/wp-json\/wp\/v2\/product_tag?post=35060"}],"curies":[{"name":"wp","href":"https:\/\/api.w.org\/{rel}","templated":true}]}}