{"id":34958,"date":"2025-11-12T07:26:43","date_gmt":"2025-11-12T05:26:43","guid":{"rendered":"https:\/\/www.nordi.ee\/toode\/soogilaud-tripon\/"},"modified":"2026-04-13T05:19:52","modified_gmt":"2026-04-13T02:19:52","slug":"soogilaud-tripon","status":"publish","type":"product","link":"https:\/\/www.nordi.ee\/en\/toode\/soogilaud-tripon\/","title":{"rendered":"S\u00f6\u00f6gilaud TRIPON"},"content":{"rendered":"<p>m\u00f5\u00f5tmed: 120\/70\/76 cm, materjal: laminaat MDF \/ pulberkattega teras \/ kroomitud teras, v\u00e4rv: peal &#8211; kuldne tamm, jalad &#8211; must \/ kuldne<\/p>\n","protected":false},"excerpt":{"rendered":"<p>m\u00f5\u00f5tmed: 120\/70\/76 cm, materjal: laminaat MDF \/ pulberkattega teras \/ kroomitud teras, v\u00e4rv: peal &#8211; kuldne tamm, jalad &#8211; must \/ kuldne<\/p>\n","protected":false},"featured_media":17199,"comment_status":"closed","ping_status":"open","template":"","meta":{"_gspb_post_css":""},"product_brand":[],"product_cat":[190,167],"product_tag":[],"class_list":{"0":"post-34958","1":"product","2":"type-product","3":"status-publish","4":"has-post-thumbnail","6":"product_cat-soogilauad","7":"product_cat-soogituba","8":"pa_jalgade-arv-289","9":"pa_korgus-406","10":"pa_laius-427","11":"pa_laua-suurus-4-person","12":"pa_laua-varvus-tamm","13":"pa_laua-viimistlus-matt","14":"pa_lauaplaadi-kuju-ristkulikukujuline","15":"pa_lauaplaadi-materjal-lamiiniga-kaetud-mdf","16":"pa_pakkide-arv-295","17":"pa_pikendatav-ei","18":"pa_raami-materjal-metall","19":"pa_stiil-kaasaegne","20":"pa_sugavus-1832","21":"pa_vahelaos-ei","22":"pa_varv-must","23":"pa_varv-tamm","25":"first","26":"instock","27":"sale","28":"purchasable","29":"product-type-simple"},"_links":{"self":[{"href":"https:\/\/www.nordi.ee\/en\/wp-json\/wp\/v2\/product\/34958","targetHints":{"allow":["GET"]}}],"collection":[{"href":"https:\/\/www.nordi.ee\/en\/wp-json\/wp\/v2\/product"}],"about":[{"href":"https:\/\/www.nordi.ee\/en\/wp-json\/wp\/v2\/types\/product"}],"replies":[{"embeddable":true,"href":"https:\/\/www.nordi.ee\/en\/wp-json\/wp\/v2\/comments?post=34958"}],"wp:featuredmedia":[{"embeddable":true,"href":"https:\/\/www.nordi.ee\/en\/wp-json\/wp\/v2\/media\/17199"}],"wp:attachment":[{"href":"https:\/\/www.nordi.ee\/en\/wp-json\/wp\/v2\/media?parent=34958"}],"wp:term":[{"taxonomy":"product_brand","embeddable":true,"href":"https:\/\/www.nordi.ee\/en\/wp-json\/wp\/v2\/product_brand?post=34958"},{"taxonomy":"product_cat","embeddable":true,"href":"https:\/\/www.nordi.ee\/en\/wp-json\/wp\/v2\/product_cat?post=34958"},{"taxonomy":"product_tag","embeddable":true,"href":"https:\/\/www.nordi.ee\/en\/wp-json\/wp\/v2\/product_tag?post=34958"}],"curies":[{"name":"wp","href":"https:\/\/api.w.org\/{rel}","templated":true}]}}