{"id":34941,"date":"2025-11-12T07:26:43","date_gmt":"2025-11-12T05:26:43","guid":{"rendered":"https:\/\/www.nordi.ee\/toode\/laud-traxon\/"},"modified":"2026-04-13T05:19:51","modified_gmt":"2026-04-13T02:19:51","slug":"laud-traxon","status":"publish","type":"product","link":"https:\/\/www.nordi.ee\/en\/toode\/laud-traxon\/","title":{"rendered":"S\u00f6\u00f6gilaud TRAXON"},"content":{"rendered":"<p>m\u00f5\u00f5tmed: 140\/80\/75 cm, materjal: klaas \/ massiivne puit \/ pulberv\u00e4rvitud teras, v\u00e4rv: \u00fclemine &#8211; suitsune, jalad &#8211; mustad<\/p>\n","protected":false},"excerpt":{"rendered":"<p>m\u00f5\u00f5tmed: 140\/80\/75 cm, materjal: klaas \/ massiivne puit \/ pulberv\u00e4rvitud teras, v\u00e4rv: \u00fclemine &#8211; suitsune, jalad &#8211; mustad<\/p>\n","protected":false},"featured_media":17187,"comment_status":"closed","ping_status":"closed","template":"","meta":{"_gspb_post_css":""},"product_brand":[],"product_cat":[190,167],"product_tag":[],"class_list":{"0":"post-34941","1":"product","2":"type-product","3":"status-publish","4":"has-post-thumbnail","6":"product_cat-soogilauad","7":"product_cat-soogituba","8":"pa_vahelaos-ei","10":"first","11":"instock","12":"sale","13":"purchasable","14":"product-type-simple"},"_links":{"self":[{"href":"https:\/\/www.nordi.ee\/en\/wp-json\/wp\/v2\/product\/34941","targetHints":{"allow":["GET"]}}],"collection":[{"href":"https:\/\/www.nordi.ee\/en\/wp-json\/wp\/v2\/product"}],"about":[{"href":"https:\/\/www.nordi.ee\/en\/wp-json\/wp\/v2\/types\/product"}],"replies":[{"embeddable":true,"href":"https:\/\/www.nordi.ee\/en\/wp-json\/wp\/v2\/comments?post=34941"}],"wp:featuredmedia":[{"embeddable":true,"href":"https:\/\/www.nordi.ee\/en\/wp-json\/wp\/v2\/media\/17187"}],"wp:attachment":[{"href":"https:\/\/www.nordi.ee\/en\/wp-json\/wp\/v2\/media?parent=34941"}],"wp:term":[{"taxonomy":"product_brand","embeddable":true,"href":"https:\/\/www.nordi.ee\/en\/wp-json\/wp\/v2\/product_brand?post=34941"},{"taxonomy":"product_cat","embeddable":true,"href":"https:\/\/www.nordi.ee\/en\/wp-json\/wp\/v2\/product_cat?post=34941"},{"taxonomy":"product_tag","embeddable":true,"href":"https:\/\/www.nordi.ee\/en\/wp-json\/wp\/v2\/product_tag?post=34941"}],"curies":[{"name":"wp","href":"https:\/\/api.w.org\/{rel}","templated":true}]}}