{"id":34906,"date":"2025-11-12T07:24:05","date_gmt":"2025-11-12T05:24:05","guid":{"rendered":"https:\/\/www.nordi.ee\/toode\/kohvilaud-trafon-naturaalne-must\/"},"modified":"2026-04-13T05:19:47","modified_gmt":"2026-04-13T02:19:47","slug":"kohvilaud-trafon-naturaalne-must","status":"publish","type":"product","link":"https:\/\/www.nordi.ee\/en\/toode\/kohvilaud-trafon-naturaalne-must\/","title":{"rendered":"Kohvilaud TRAFON, naturaalne \/ must"},"content":{"rendered":"<p>m\u00f5\u00f5tmed: \u00f8 41\/41 cm, materjal: MDF + naturaalne vineer \/ pulberv\u00e4rvitud teras, v\u00e4rv: naturaalne &#8211; must<\/p>\n","protected":false},"excerpt":{"rendered":"<p>m\u00f5\u00f5tmed: \u00f8 41\/41 cm, materjal: MDF + naturaalne vineer \/ pulberv\u00e4rvitud teras, v\u00e4rv: naturaalne &#8211; must<\/p>\n","protected":false},"featured_media":17159,"comment_status":"closed","ping_status":"open","template":"","meta":{"_gspb_post_css":""},"product_brand":[],"product_cat":[178,165],"product_tag":[],"class_list":{"0":"post-34906","1":"product","2":"type-product","3":"status-publish","4":"has-post-thumbnail","6":"product_cat-diivanilauad","7":"product_cat-elutuba","8":"pa_korgus-538","9":"pa_laius-1194","10":"pa_laua-varvus-puiduimmitatsioon","11":"pa_laua-viimistlus-matt","12":"pa_lauaplaadi-kuju-ummargune","13":"pa_lauaplaadi-materjal-spoon","14":"pa_lisafunktsioonid-alumised-riiulid","15":"pa_materjal-pulberkattega-teras","16":"pa_pakkide-arv-226","17":"pa_raami-materjal-metall","18":"pa_raami-varv-must","19":"pa_stiil-skandinaavia","20":"pa_stiil-boho","21":"pa_stiil-loft","22":"pa_sugavus-1195","23":"pa_vahelaos-jah","24":"pa_varv-must","26":"first","27":"instock","28":"sale","29":"purchasable","30":"product-type-simple"},"_links":{"self":[{"href":"https:\/\/www.nordi.ee\/en\/wp-json\/wp\/v2\/product\/34906","targetHints":{"allow":["GET"]}}],"collection":[{"href":"https:\/\/www.nordi.ee\/en\/wp-json\/wp\/v2\/product"}],"about":[{"href":"https:\/\/www.nordi.ee\/en\/wp-json\/wp\/v2\/types\/product"}],"replies":[{"embeddable":true,"href":"https:\/\/www.nordi.ee\/en\/wp-json\/wp\/v2\/comments?post=34906"}],"wp:featuredmedia":[{"embeddable":true,"href":"https:\/\/www.nordi.ee\/en\/wp-json\/wp\/v2\/media\/17159"}],"wp:attachment":[{"href":"https:\/\/www.nordi.ee\/en\/wp-json\/wp\/v2\/media?parent=34906"}],"wp:term":[{"taxonomy":"product_brand","embeddable":true,"href":"https:\/\/www.nordi.ee\/en\/wp-json\/wp\/v2\/product_brand?post=34906"},{"taxonomy":"product_cat","embeddable":true,"href":"https:\/\/www.nordi.ee\/en\/wp-json\/wp\/v2\/product_cat?post=34906"},{"taxonomy":"product_tag","embeddable":true,"href":"https:\/\/www.nordi.ee\/en\/wp-json\/wp\/v2\/product_tag?post=34906"}],"curies":[{"name":"wp","href":"https:\/\/api.w.org\/{rel}","templated":true}]}}