{"id":34897,"date":"2025-11-12T07:24:05","date_gmt":"2025-11-12T05:24:05","guid":{"rendered":"https:\/\/www.nordi.ee\/toode\/pikendatav-soogilaud-torven\/"},"modified":"2026-04-13T05:19:46","modified_gmt":"2026-04-13T02:19:46","slug":"pikendatav-soogilaud-torven","status":"publish","type":"product","link":"https:\/\/www.nordi.ee\/en\/toode\/pikendatav-soogilaud-torven\/","title":{"rendered":"Pikendatav S\u00f6\u00f6gilaud TORVEN"},"content":{"rendered":"<p>laiendatav laud, m\u00f5\u00f5tmed: 140-180\/80\/76 cm, materjal: lakitud MDF + naturaalne vineer \/ klaas \/ roostevaba teras, v\u00e4rv: valge \/ kuldne tamme.<\/p>\n","protected":false},"excerpt":{"rendered":"<p>laiendatav laud, m\u00f5\u00f5tmed: 140-180\/80\/76 cm, materjal: lakitud MDF + naturaalne vineer \/ klaas \/ roostevaba teras, v\u00e4rv: valge \/ kuldne tamme.<\/p>\n","protected":false},"featured_media":17155,"comment_status":"closed","ping_status":"open","template":"","meta":{"_gspb_post_css":""},"product_brand":[],"product_cat":[190,167],"product_tag":[],"class_list":{"0":"post-34897","1":"product","2":"type-product","3":"status-publish","4":"has-post-thumbnail","6":"product_cat-soogilauad","7":"product_cat-soogituba","8":"pa_jalgade-arv-494","9":"pa_korgus-406","10":"pa_laius-353","11":"pa_laua-suurus-8-person-6-person","12":"pa_laua-varvus-tamm","13":"pa_laua-varvus-valge","14":"pa_laua-viimistlus-laikiv","15":"pa_lauaplaadi-kuju-ristkulikukujuline","16":"pa_lauaplaadi-materjal-lakitud-mdf","17":"pa_lauaplaadi-materjal-spoon","18":"pa_maximum-pikkus-4211","19":"pa_pakkide-arv-466","20":"pa_pikendatav-jah","21":"pa_stiil-kaasaegne","22":"pa_sugavus-4088","23":"pa_vahelaos-jah","24":"pa_varv-tamm","25":"pa_varv-valge","27":"first","28":"instock","29":"sale","30":"purchasable","31":"product-type-simple"},"_links":{"self":[{"href":"https:\/\/www.nordi.ee\/en\/wp-json\/wp\/v2\/product\/34897","targetHints":{"allow":["GET"]}}],"collection":[{"href":"https:\/\/www.nordi.ee\/en\/wp-json\/wp\/v2\/product"}],"about":[{"href":"https:\/\/www.nordi.ee\/en\/wp-json\/wp\/v2\/types\/product"}],"replies":[{"embeddable":true,"href":"https:\/\/www.nordi.ee\/en\/wp-json\/wp\/v2\/comments?post=34897"}],"wp:featuredmedia":[{"embeddable":true,"href":"https:\/\/www.nordi.ee\/en\/wp-json\/wp\/v2\/media\/17155"}],"wp:attachment":[{"href":"https:\/\/www.nordi.ee\/en\/wp-json\/wp\/v2\/media?parent=34897"}],"wp:term":[{"taxonomy":"product_brand","embeddable":true,"href":"https:\/\/www.nordi.ee\/en\/wp-json\/wp\/v2\/product_brand?post=34897"},{"taxonomy":"product_cat","embeddable":true,"href":"https:\/\/www.nordi.ee\/en\/wp-json\/wp\/v2\/product_cat?post=34897"},{"taxonomy":"product_tag","embeddable":true,"href":"https:\/\/www.nordi.ee\/en\/wp-json\/wp\/v2\/product_tag?post=34897"}],"curies":[{"name":"wp","href":"https:\/\/api.w.org\/{rel}","templated":true}]}}