{"id":34889,"date":"2025-11-12T07:24:05","date_gmt":"2025-11-12T05:24:05","guid":{"rendered":"https:\/\/www.nordi.ee\/toode\/seinapeegel-torvin-hobedane\/"},"modified":"2026-04-13T05:19:44","modified_gmt":"2026-04-13T02:19:44","slug":"seinapeegel-torvin-hobedane","status":"publish","type":"product","link":"https:\/\/www.nordi.ee\/en\/toode\/seinapeegel-torvin-hobedane\/","title":{"rendered":"Seinapeegel TORVIN, h\u00f5bedane"},"content":{"rendered":"<p>laupeegel, m\u00f5\u00f5tmed: 70\/70\/6,5 cm, materjal: raami ja aluse puudumine &#8211; MDF plaat \/ LED \/ peegel, v\u00e4rv: h\u00f5be  nToide AC 230V<\/p>\n","protected":false},"excerpt":{"rendered":"<p>laupeegel, m\u00f5\u00f5tmed: 70\/70\/6,5 cm, materjal: raami ja aluse puudumine &#8211; MDF plaat \/ LED \/ peegel, v\u00e4rv: h\u00f5be nToide AC 230V<\/p>\n","protected":false},"featured_media":17147,"comment_status":"closed","ping_status":"open","template":"","meta":{"_gspb_post_css":""},"product_brand":[],"product_cat":[181],"product_tag":[],"class_list":{"0":"post-34889","1":"product","2":"type-product","3":"status-publish","4":"has-post-thumbnail","6":"product_cat-peeglid","7":"pa_korgus-1286","8":"pa_laius-427","9":"pa_pakkide-arv-226","10":"pa_raami-materjal-raam-puudub","11":"pa_stiil-glamuur","12":"pa_stiil-moodne","13":"pa_sugavus-4179","14":"pa_vahelaos-jah","15":"pa_varv-hobedane","17":"first","18":"instock","19":"sale","20":"purchasable","21":"product-type-simple"},"_links":{"self":[{"href":"https:\/\/www.nordi.ee\/en\/wp-json\/wp\/v2\/product\/34889","targetHints":{"allow":["GET"]}}],"collection":[{"href":"https:\/\/www.nordi.ee\/en\/wp-json\/wp\/v2\/product"}],"about":[{"href":"https:\/\/www.nordi.ee\/en\/wp-json\/wp\/v2\/types\/product"}],"replies":[{"embeddable":true,"href":"https:\/\/www.nordi.ee\/en\/wp-json\/wp\/v2\/comments?post=34889"}],"wp:featuredmedia":[{"embeddable":true,"href":"https:\/\/www.nordi.ee\/en\/wp-json\/wp\/v2\/media\/17147"}],"wp:attachment":[{"href":"https:\/\/www.nordi.ee\/en\/wp-json\/wp\/v2\/media?parent=34889"}],"wp:term":[{"taxonomy":"product_brand","embeddable":true,"href":"https:\/\/www.nordi.ee\/en\/wp-json\/wp\/v2\/product_brand?post=34889"},{"taxonomy":"product_cat","embeddable":true,"href":"https:\/\/www.nordi.ee\/en\/wp-json\/wp\/v2\/product_cat?post=34889"},{"taxonomy":"product_tag","embeddable":true,"href":"https:\/\/www.nordi.ee\/en\/wp-json\/wp\/v2\/product_tag?post=34889"}],"curies":[{"name":"wp","href":"https:\/\/api.w.org\/{rel}","templated":true}]}}