{"id":34862,"date":"2025-11-12T07:21:27","date_gmt":"2025-11-12T05:21:27","guid":{"rendered":"https:\/\/www.nordi.ee\/toode\/soogilaud-tizmar-plaat-heledashall-tumehall-jalad-tumehall\/"},"modified":"2026-04-13T05:19:43","modified_gmt":"2026-04-13T02:19:43","slug":"soogilaud-tizmar-plaat-heledashall-tumehall-jalad-tumehall","status":"publish","type":"product","link":"https:\/\/www.nordi.ee\/en\/toode\/soogilaud-tizmar-plaat-heledashall-tumehall-jalad-tumehall\/","title":{"rendered":"S\u00f6\u00f6gilaud TIZMAR, plaat &#8211; heledashall"},"content":{"rendered":"<p>laiendatav laud, m\u00f5\u00f5tmed: 160-210\/90\/76 cm, materjal: klaas \/ lakitud MDF \/ pulberkattega teras, v\u00e4rv: pind &#8211; helehall \/ tumehall, jalad &#8211; tumehall<\/p>\n","protected":false},"excerpt":{"rendered":"<p>laiendatav laud, m\u00f5\u00f5tmed: 160-210\/90\/76 cm, materjal: klaas \/ lakitud MDF \/ pulberkattega teras, v\u00e4rv: pind &#8211; helehall \/ tumehall, jalad &#8211; tumehall<\/p>\n","protected":false},"featured_media":17135,"comment_status":"closed","ping_status":"closed","template":"","meta":{"_gspb_post_css":""},"product_brand":[],"product_cat":[190,167],"product_tag":[],"class_list":{"0":"post-34862","1":"product","2":"type-product","3":"status-publish","4":"has-post-thumbnail","6":"product_cat-soogilauad","7":"product_cat-soogituba","8":"pa_jalgade-arv-4-2","9":"pa_korgus-406","10":"pa_laius-349","11":"pa_laua-suurus-6-person-8-person","12":"pa_laua-varvus-hall","13":"pa_laua-viimistlus-matt","14":"pa_lauaplaadi-kuju-ristkulikukujuline","15":"pa_lauaplaadi-materjal-klaas","16":"pa_lauaplaadi-materjal-lakitud-mdf","17":"pa_maximum-pikkus-4215","18":"pa_pakkide-arv-295","19":"pa_pikendatav-jah","20":"pa_raami-materjal-metall","21":"pa_stiil-moodne","22":"pa_stiil-loft","23":"pa_sugavus-4084","24":"pa_vahelaos-jah","25":"pa_varv-hall","27":"first","28":"instock","29":"sale","30":"purchasable","31":"product-type-simple"},"_links":{"self":[{"href":"https:\/\/www.nordi.ee\/en\/wp-json\/wp\/v2\/product\/34862","targetHints":{"allow":["GET"]}}],"collection":[{"href":"https:\/\/www.nordi.ee\/en\/wp-json\/wp\/v2\/product"}],"about":[{"href":"https:\/\/www.nordi.ee\/en\/wp-json\/wp\/v2\/types\/product"}],"replies":[{"embeddable":true,"href":"https:\/\/www.nordi.ee\/en\/wp-json\/wp\/v2\/comments?post=34862"}],"wp:featuredmedia":[{"embeddable":true,"href":"https:\/\/www.nordi.ee\/en\/wp-json\/wp\/v2\/media\/17135"}],"wp:attachment":[{"href":"https:\/\/www.nordi.ee\/en\/wp-json\/wp\/v2\/media?parent=34862"}],"wp:term":[{"taxonomy":"product_brand","embeddable":true,"href":"https:\/\/www.nordi.ee\/en\/wp-json\/wp\/v2\/product_brand?post=34862"},{"taxonomy":"product_cat","embeddable":true,"href":"https:\/\/www.nordi.ee\/en\/wp-json\/wp\/v2\/product_cat?post=34862"},{"taxonomy":"product_tag","embeddable":true,"href":"https:\/\/www.nordi.ee\/en\/wp-json\/wp\/v2\/product_tag?post=34862"}],"curies":[{"name":"wp","href":"https:\/\/api.w.org\/{rel}","templated":true}]}}