{"id":34812,"date":"2025-11-12T07:18:16","date_gmt":"2025-11-12T05:18:16","guid":{"rendered":"https:\/\/www.nordi.ee\/toode\/kontoritool-timmon-turkiissinine-must\/"},"modified":"2026-04-13T05:19:37","modified_gmt":"2026-04-13T02:19:37","slug":"kontoritool-timmon-turkiissinine-must","status":"publish","type":"product","link":"https:\/\/www.nordi.ee\/en\/toode\/kontoritool-timmon-turkiissinine-must\/","title":{"rendered":"Kontoritool TIMMON, t\u00fcrkiissinine \/ must"},"content":{"rendered":"<p>m\u00f5\u00f5tmed: 52\/59\/81-91\/41-51 cm, p\u00f5him\u00f5te: baasis\u00fcsteem, kangas \/ v\u00f5rk, v\u00e4rv: t\u00fcrkiisne \/ must<\/p>\n","protected":false},"excerpt":{"rendered":"<p>m\u00f5\u00f5tmed: 52\/59\/81-91\/41-51 cm, p\u00f5him\u00f5te: baasis\u00fcsteem, kangas \/ v\u00f5rk, v\u00e4rv: t\u00fcrkiisne \/ must<\/p>\n","protected":false},"featured_media":17099,"comment_status":"closed","ping_status":"open","template":"","meta":{"_gspb_post_css":""},"product_brand":[],"product_cat":[216,4063],"product_tag":[],"class_list":{"0":"post-34812","1":"product","2":"type-product","3":"status-publish","4":"has-post-thumbnail","6":"product_cat-kontor","7":"product_cat-kontoritoolid","8":"pa_istmekorgus-41-51","9":"pa_kaetugi-fikseeritud-kaetugi","10":"pa_kandevoime-120-kg","11":"pa_kanga-varv-turkiis","12":"pa_korgus-1345","13":"pa_laius-1133","14":"pa_mehhanism-tavaline","15":"pa_pakkide-arv-226","16":"pa_peatugi-ilma-peatugedeta","17":"pa_ratta-tuup-normaalne","18":"pa_stiil-traditsiooniline","19":"pa_sugavus-1372","20":"pa_tooli-materjal-kangas","21":"pa_tooli-materjal-vork","22":"pa_tuba-lastetuba","23":"pa_vahelaos-jah","25":"first","26":"instock","27":"sale","28":"purchasable","29":"product-type-simple"},"_links":{"self":[{"href":"https:\/\/www.nordi.ee\/en\/wp-json\/wp\/v2\/product\/34812","targetHints":{"allow":["GET"]}}],"collection":[{"href":"https:\/\/www.nordi.ee\/en\/wp-json\/wp\/v2\/product"}],"about":[{"href":"https:\/\/www.nordi.ee\/en\/wp-json\/wp\/v2\/types\/product"}],"replies":[{"embeddable":true,"href":"https:\/\/www.nordi.ee\/en\/wp-json\/wp\/v2\/comments?post=34812"}],"wp:featuredmedia":[{"embeddable":true,"href":"https:\/\/www.nordi.ee\/en\/wp-json\/wp\/v2\/media\/17099"}],"wp:attachment":[{"href":"https:\/\/www.nordi.ee\/en\/wp-json\/wp\/v2\/media?parent=34812"}],"wp:term":[{"taxonomy":"product_brand","embeddable":true,"href":"https:\/\/www.nordi.ee\/en\/wp-json\/wp\/v2\/product_brand?post=34812"},{"taxonomy":"product_cat","embeddable":true,"href":"https:\/\/www.nordi.ee\/en\/wp-json\/wp\/v2\/product_cat?post=34812"},{"taxonomy":"product_tag","embeddable":true,"href":"https:\/\/www.nordi.ee\/en\/wp-json\/wp\/v2\/product_tag?post=34812"}],"curies":[{"name":"wp","href":"https:\/\/api.w.org\/{rel}","templated":true}]}}