{"id":34780,"date":"2025-11-12T07:16:51","date_gmt":"2025-11-12T05:16:51","guid":{"rendered":"https:\/\/www.nordi.ee\/toode\/timber-o-tool-pahklipuit-beezh\/"},"modified":"2026-04-13T05:19:34","modified_gmt":"2026-04-13T02:19:34","slug":"timber-o-tool-pahklipuit-beezh","status":"publish","type":"product","link":"https:\/\/www.nordi.ee\/en\/toode\/timber-o-tool-pahklipuit-beezh\/","title":{"rendered":"Kontoritool TIMBER, p\u00e4hklipuit\/bee\u017e"},"content":{"rendered":"<p>m\u00f5\u00f5tmed: 72\/68\/114-122\/46-54 cm, TILT mehhanism, painutatud vineer \/ eco nahk, v\u00e4rvid: p\u00e4hkel \/ bee\u017e<\/p>\n","protected":false},"excerpt":{"rendered":"<p>m\u00f5\u00f5tmed: 72\/68\/114-122\/46-54 cm, TILT mehhanism, painutatud vineer \/ eco nahk, v\u00e4rvid: p\u00e4hkel \/ bee\u017e<\/p>\n","protected":false},"featured_media":17083,"comment_status":"closed","ping_status":"closed","template":"","meta":{"_gspb_post_css":""},"product_brand":[],"product_cat":[216,4063],"product_tag":[],"class_list":{"0":"post-34780","1":"product","2":"type-product","3":"status-publish","4":"has-post-thumbnail","6":"product_cat-kontor","7":"product_cat-kontoritoolid","8":"pa_istmekorgus-46-54","9":"pa_kaetugi-fikseeritud-kaetugi","10":"pa_kandevoime-120-kg","11":"pa_kanga-varv-beez","12":"pa_korgus-4129","13":"pa_laius-278","14":"pa_mehhanism-kallutus","15":"pa_pakkide-arv-226","16":"pa_peatugi-peatugesi-ei-saa-reguleerida","17":"pa_ratta-tuup-kumm","18":"pa_stiil-klassikaline","19":"pa_stiil-modernne","20":"pa_sugavus-753","21":"pa_tooli-materjal-kunstnahk","22":"pa_tooli-materjal-liimpuitvineer","23":"pa_tuba-kapp","24":"pa_tuba-kontor","25":"pa_vahelaos-jah","26":"pa_varv-pahkel","28":"first","29":"instock","30":"sale","31":"purchasable","32":"product-type-simple"},"_links":{"self":[{"href":"https:\/\/www.nordi.ee\/en\/wp-json\/wp\/v2\/product\/34780","targetHints":{"allow":["GET"]}}],"collection":[{"href":"https:\/\/www.nordi.ee\/en\/wp-json\/wp\/v2\/product"}],"about":[{"href":"https:\/\/www.nordi.ee\/en\/wp-json\/wp\/v2\/types\/product"}],"replies":[{"embeddable":true,"href":"https:\/\/www.nordi.ee\/en\/wp-json\/wp\/v2\/comments?post=34780"}],"wp:featuredmedia":[{"embeddable":true,"href":"https:\/\/www.nordi.ee\/en\/wp-json\/wp\/v2\/media\/17083"}],"wp:attachment":[{"href":"https:\/\/www.nordi.ee\/en\/wp-json\/wp\/v2\/media?parent=34780"}],"wp:term":[{"taxonomy":"product_brand","embeddable":true,"href":"https:\/\/www.nordi.ee\/en\/wp-json\/wp\/v2\/product_brand?post=34780"},{"taxonomy":"product_cat","embeddable":true,"href":"https:\/\/www.nordi.ee\/en\/wp-json\/wp\/v2\/product_cat?post=34780"},{"taxonomy":"product_tag","embeddable":true,"href":"https:\/\/www.nordi.ee\/en\/wp-json\/wp\/v2\/product_tag?post=34780"}],"curies":[{"name":"wp","href":"https:\/\/api.w.org\/{rel}","templated":true}]}}