{"id":34773,"date":"2025-11-12T07:16:51","date_gmt":"2025-11-12T05:16:51","guid":{"rendered":"https:\/\/www.nordi.ee\/toode\/tumba-komplekt-ticmar-beez\/"},"modified":"2026-04-13T05:19:34","modified_gmt":"2026-04-13T02:19:34","slug":"tumba-komplekt-ticmar-beez","status":"publish","type":"product","link":"https:\/\/www.nordi.ee\/en\/toode\/tumba-komplekt-ticmar-beez\/","title":{"rendered":"Tumba Komplekt TICMAR, bee\u017e"},"content":{"rendered":"<p>kahest t\u00fckist komplekt, millel on hoiufunktsioon, m\u00f5\u00f5tmed: 45\/35\/45 cm ja 40\/30\/40 cm, materjal: massiivne kummipuu \/ kangas, v\u00e4rv: bee\u017e \/ loomulik<\/p>\n","protected":false},"excerpt":{"rendered":"<p>kahest t\u00fckist komplekt, millel on hoiufunktsioon, m\u00f5\u00f5tmed: 45\/35\/45 cm ja 40\/30\/40 cm, materjal: massiivne kummipuu \/ kangas, v\u00e4rv: bee\u017e \/ loomulik<\/p>\n","protected":false},"featured_media":17079,"comment_status":"closed","ping_status":"open","template":"","meta":{"_gspb_post_css":""},"product_brand":[],"product_cat":[4064],"product_tag":[],"class_list":{"0":"post-34773","1":"product","2":"type-product","3":"status-publish","4":"has-post-thumbnail","6":"product_cat-tumbad","7":"pa_istmekorgus-362","8":"pa_jalgade-raami-materjal-puit","9":"pa_jalgade-raami-varv-puiduimmitatsioon","10":"pa_kanga-tuup-kangas","11":"pa_kanga-varv-beez","12":"pa_korgus-343","13":"pa_laius-450","14":"pa_lisafunktsioonid-pesukast","15":"pa_pakkide-arv-226","16":"pa_stiil-boho","17":"pa_stiil-skandinaavia","18":"pa_sugavus-829","19":"pa_vahelaos-jah","20":"pa_varv-beez","21":"pa_varv-puit","23":"first","24":"instock","25":"sale","26":"purchasable","27":"product-type-simple"},"_links":{"self":[{"href":"https:\/\/www.nordi.ee\/en\/wp-json\/wp\/v2\/product\/34773","targetHints":{"allow":["GET"]}}],"collection":[{"href":"https:\/\/www.nordi.ee\/en\/wp-json\/wp\/v2\/product"}],"about":[{"href":"https:\/\/www.nordi.ee\/en\/wp-json\/wp\/v2\/types\/product"}],"replies":[{"embeddable":true,"href":"https:\/\/www.nordi.ee\/en\/wp-json\/wp\/v2\/comments?post=34773"}],"wp:featuredmedia":[{"embeddable":true,"href":"https:\/\/www.nordi.ee\/en\/wp-json\/wp\/v2\/media\/17079"}],"wp:attachment":[{"href":"https:\/\/www.nordi.ee\/en\/wp-json\/wp\/v2\/media?parent=34773"}],"wp:term":[{"taxonomy":"product_brand","embeddable":true,"href":"https:\/\/www.nordi.ee\/en\/wp-json\/wp\/v2\/product_brand?post=34773"},{"taxonomy":"product_cat","embeddable":true,"href":"https:\/\/www.nordi.ee\/en\/wp-json\/wp\/v2\/product_cat?post=34773"},{"taxonomy":"product_tag","embeddable":true,"href":"https:\/\/www.nordi.ee\/en\/wp-json\/wp\/v2\/product_tag?post=34773"}],"curies":[{"name":"wp","href":"https:\/\/api.w.org\/{rel}","templated":true}]}}