{"id":34702,"date":"2025-11-12T07:14:05","date_gmt":"2025-11-12T05:14:05","guid":{"rendered":"https:\/\/www.nordi.ee\/toode\/kontoritool-stilon-2-tumehall\/"},"modified":"2026-04-13T05:19:26","modified_gmt":"2026-04-13T02:19:26","slug":"kontoritool-stilon-2-tumehall","status":"publish","type":"product","link":"https:\/\/www.nordi.ee\/en\/toode\/kontoritool-stilon-2-tumehall\/","title":{"rendered":"Kontoritool STILON 2, tumehall"},"content":{"rendered":"<p>TILT mehhanism, reguleeritavad k\u00e4etoed, m\u00f5\u00f5tmed: 66\/49\/116\u00f7125 cm, materjal: kangas, v\u00e4rv: tumehall<\/p>\n","protected":false},"excerpt":{"rendered":"<p>TILT mehhanism, reguleeritavad k\u00e4etoed, m\u00f5\u00f5tmed: 66\/49\/116\u00f7125 cm, materjal: kangas, v\u00e4rv: tumehall<\/p>\n","protected":false},"featured_media":17033,"comment_status":"closed","ping_status":"open","template":"","meta":{"_gspb_post_css":""},"product_brand":[],"product_cat":[216,4063],"product_tag":[],"class_list":{"0":"post-34702","1":"product","2":"type-product","3":"status-publish","4":"has-post-thumbnail","6":"product_cat-kontor","7":"product_cat-kontoritoolid","8":"pa_istmekorgus-45-54","9":"pa_kaetugi-reguleeritav-kaetugi","10":"pa_kandevoime-100-kg","11":"pa_kanga-varv-hall","12":"pa_kanga-varv-tumehall","13":"pa_korgus-4123","14":"pa_laius-471","15":"pa_mehhanism-kallutus","16":"pa_pakkide-arv-226","17":"pa_peatugi-reguleeritavad-peatoed","18":"pa_ratta-tuup-normaalne","19":"pa_stiil-traditsiooniline","20":"pa_sugavus-412","21":"pa_tooli-materjal-kangas","22":"pa_tuba-kapp","23":"pa_vahelaos-ei","24":"pa_varv-hall","26":"first","27":"instock","28":"sale","29":"purchasable","30":"product-type-simple"},"_links":{"self":[{"href":"https:\/\/www.nordi.ee\/en\/wp-json\/wp\/v2\/product\/34702","targetHints":{"allow":["GET"]}}],"collection":[{"href":"https:\/\/www.nordi.ee\/en\/wp-json\/wp\/v2\/product"}],"about":[{"href":"https:\/\/www.nordi.ee\/en\/wp-json\/wp\/v2\/types\/product"}],"replies":[{"embeddable":true,"href":"https:\/\/www.nordi.ee\/en\/wp-json\/wp\/v2\/comments?post=34702"}],"wp:featuredmedia":[{"embeddable":true,"href":"https:\/\/www.nordi.ee\/en\/wp-json\/wp\/v2\/media\/17033"}],"wp:attachment":[{"href":"https:\/\/www.nordi.ee\/en\/wp-json\/wp\/v2\/media?parent=34702"}],"wp:term":[{"taxonomy":"product_brand","embeddable":true,"href":"https:\/\/www.nordi.ee\/en\/wp-json\/wp\/v2\/product_brand?post=34702"},{"taxonomy":"product_cat","embeddable":true,"href":"https:\/\/www.nordi.ee\/en\/wp-json\/wp\/v2\/product_cat?post=34702"},{"taxonomy":"product_tag","embeddable":true,"href":"https:\/\/www.nordi.ee\/en\/wp-json\/wp\/v2\/product_tag?post=34702"}],"curies":[{"name":"wp","href":"https:\/\/api.w.org\/{rel}","templated":true}]}}