{"id":34686,"date":"2025-11-12T07:12:50","date_gmt":"2025-11-12T05:12:50","guid":{"rendered":"https:\/\/www.nordi.ee\/toode\/soogilaua-komplekt-starter-laud-4-tooli\/"},"modified":"2026-04-13T05:19:24","modified_gmt":"2026-04-13T02:19:24","slug":"soogilaua-komplekt-starter-laud-4-tooli","status":"publish","type":"product","link":"https:\/\/www.nordi.ee\/en\/toode\/soogilaua-komplekt-starter-laud-4-tooli\/","title":{"rendered":"S\u00f6\u00f6gilaua komplekt STARTER, laud + 4 tooli"},"content":{"rendered":"<p>laua m\u00f5\u00f5tmed: 110\/72\/74 cm, materjal: MDF + looduslik vineer, raamid &#8211; massiivne puit, toolide istmed &#8211; polsterdatud, v\u00e4rv: espresso<\/p>\n","protected":false},"excerpt":{"rendered":"<p>laua m\u00f5\u00f5tmed: 110\/72\/74 cm, materjal: MDF + looduslik vineer, raamid &#8211; massiivne puit, toolide istmed &#8211; polsterdatud, v\u00e4rv: espresso<\/p>\n","protected":false},"featured_media":17025,"comment_status":"closed","ping_status":"open","template":"","meta":{"_gspb_post_css":""},"product_brand":[],"product_cat":[211,167],"product_tag":[],"class_list":{"0":"post-34686","1":"product","2":"type-product","3":"status-publish","4":"has-post-thumbnail","6":"product_cat-soogilaua-komplektid","7":"product_cat-soogituba","8":"pa_korgus-287","9":"pa_laius-427","10":"pa_laua-varvus-tumepruun","11":"pa_lauaplaadi-materjal-spoon","12":"pa_pakkide-arv-226","13":"pa_raami-materjal-puit","14":"pa_raami-varv-tumepruun","15":"pa_stiil-traditsiooniline","16":"pa_sugavus-1482","17":"pa_vahelaos-jah","18":"pa_varv-tumepruun","20":"first","21":"instock","22":"sale","23":"purchasable","24":"product-type-simple"},"_links":{"self":[{"href":"https:\/\/www.nordi.ee\/en\/wp-json\/wp\/v2\/product\/34686","targetHints":{"allow":["GET"]}}],"collection":[{"href":"https:\/\/www.nordi.ee\/en\/wp-json\/wp\/v2\/product"}],"about":[{"href":"https:\/\/www.nordi.ee\/en\/wp-json\/wp\/v2\/types\/product"}],"replies":[{"embeddable":true,"href":"https:\/\/www.nordi.ee\/en\/wp-json\/wp\/v2\/comments?post=34686"}],"wp:featuredmedia":[{"embeddable":true,"href":"https:\/\/www.nordi.ee\/en\/wp-json\/wp\/v2\/media\/17025"}],"wp:attachment":[{"href":"https:\/\/www.nordi.ee\/en\/wp-json\/wp\/v2\/media?parent=34686"}],"wp:term":[{"taxonomy":"product_brand","embeddable":true,"href":"https:\/\/www.nordi.ee\/en\/wp-json\/wp\/v2\/product_brand?post=34686"},{"taxonomy":"product_cat","embeddable":true,"href":"https:\/\/www.nordi.ee\/en\/wp-json\/wp\/v2\/product_cat?post=34686"},{"taxonomy":"product_tag","embeddable":true,"href":"https:\/\/www.nordi.ee\/en\/wp-json\/wp\/v2\/product_tag?post=34686"}],"curies":[{"name":"wp","href":"https:\/\/api.w.org\/{rel}","templated":true}]}}