{"id":34684,"date":"2025-11-12T07:12:50","date_gmt":"2025-11-12T05:12:50","guid":{"rendered":"https:\/\/www.nordi.ee\/toode\/kontoritool-stanley-must\/"},"modified":"2026-04-13T05:19:23","modified_gmt":"2026-04-13T02:19:23","slug":"kontoritool-stanley-must","status":"publish","type":"product","link":"https:\/\/www.nordi.ee\/en\/toode\/kontoritool-stanley-must\/","title":{"rendered":"Kontoritool STANLEY, must"},"content":{"rendered":"<p>TILT mehhanism, kummist kaetud rattad, m\u00f5\u00f5tmed: 59\/71\/108\u00f7115 cm, materjal: \u00f6koloom, v\u00e4rv: must<\/p>\n","protected":false},"excerpt":{"rendered":"<p>TILT mehhanism, kummist kaetud rattad, m\u00f5\u00f5tmed: 59\/71\/108\u00f7115 cm, materjal: \u00f6koloom, v\u00e4rv: must<\/p>\n","protected":false},"featured_media":17018,"comment_status":"closed","ping_status":"open","template":"","meta":{"_gspb_post_css":""},"product_brand":[],"product_cat":[216,4063],"product_tag":[],"class_list":{"0":"post-34684","1":"product","2":"type-product","3":"status-publish","4":"has-post-thumbnail","6":"product_cat-kontor","7":"product_cat-kontoritoolid","8":"pa_istmekorgus-49-56","9":"pa_kaetugi-fikseeritud-kaetugi","10":"pa_kandevoime-100-kg","11":"pa_kanga-varv-must","12":"pa_korgus-1512","13":"pa_laius-1231","14":"pa_mehhanism-kallutus","15":"pa_pakkide-arv-226","16":"pa_peatugi-ilma-peatugedeta","17":"pa_ratta-tuup-kumm","18":"pa_stiil-klassikaline","19":"pa_sugavus-613","20":"pa_tooli-materjal-kunstnahk","21":"pa_tuba-kapp","22":"pa_vahelaos-jah","23":"pa_varv-must","25":"first","26":"instock","27":"sale","28":"purchasable","29":"product-type-simple"},"_links":{"self":[{"href":"https:\/\/www.nordi.ee\/en\/wp-json\/wp\/v2\/product\/34684","targetHints":{"allow":["GET"]}}],"collection":[{"href":"https:\/\/www.nordi.ee\/en\/wp-json\/wp\/v2\/product"}],"about":[{"href":"https:\/\/www.nordi.ee\/en\/wp-json\/wp\/v2\/types\/product"}],"replies":[{"embeddable":true,"href":"https:\/\/www.nordi.ee\/en\/wp-json\/wp\/v2\/comments?post=34684"}],"wp:featuredmedia":[{"embeddable":true,"href":"https:\/\/www.nordi.ee\/en\/wp-json\/wp\/v2\/media\/17018"}],"wp:attachment":[{"href":"https:\/\/www.nordi.ee\/en\/wp-json\/wp\/v2\/media?parent=34684"}],"wp:term":[{"taxonomy":"product_brand","embeddable":true,"href":"https:\/\/www.nordi.ee\/en\/wp-json\/wp\/v2\/product_brand?post=34684"},{"taxonomy":"product_cat","embeddable":true,"href":"https:\/\/www.nordi.ee\/en\/wp-json\/wp\/v2\/product_cat?post=34684"},{"taxonomy":"product_tag","embeddable":true,"href":"https:\/\/www.nordi.ee\/en\/wp-json\/wp\/v2\/product_tag?post=34684"}],"curies":[{"name":"wp","href":"https:\/\/api.w.org\/{rel}","templated":true}]}}