{"id":34672,"date":"2025-11-12T07:12:42","date_gmt":"2025-11-12T05:12:42","guid":{"rendered":"https:\/\/www.nordi.ee\/toode\/jalatsiriiul-stavon-15-jalanoudepink\/"},"modified":"2026-04-13T05:19:19","modified_gmt":"2026-04-13T02:19:19","slug":"jalatsiriiul-stavon-15-jalanoudepink","status":"publish","type":"product","link":"https:\/\/www.nordi.ee\/en\/toode\/jalatsiriiul-stavon-15-jalanoudepink\/","title":{"rendered":"Jalatsiriiul STAVON 15, jalan\u00f5udepink"},"content":{"rendered":"<p>m\u00f5\u00f5tmed: 100\/30\/44 cm, materjal: massiivne bambuspuit \/ kangas, v\u00e4rv: naturaalne \/ hall<\/p>\n","protected":false},"excerpt":{"rendered":"<p>m\u00f5\u00f5tmed: 100\/30\/44 cm, materjal: massiivne bambuspuit \/ kangas, v\u00e4rv: naturaalne \/ hall<\/p>\n","protected":false},"featured_media":17003,"comment_status":"closed","ping_status":"open","template":"","meta":{"_gspb_post_css":""},"product_brand":[],"product_cat":[2098,187],"product_tag":[],"class_list":{"0":"post-34672","1":"product","2":"type-product","3":"status-publish","4":"has-post-thumbnail","6":"product_cat-jalanoukapid","7":"product_cat-esikumoobel","8":"pa_korgus-552","9":"pa_laius-615","10":"pa_materjal-taispuit","11":"pa_pakkide-arv-226","12":"pa_stiil-skandinaavia","13":"pa_sugavus-832","14":"pa_vahelaos-jah","15":"pa_varv-puit","16":"pa_varv-hall","18":"first","19":"instock","20":"sale","21":"purchasable","22":"product-type-simple"},"_links":{"self":[{"href":"https:\/\/www.nordi.ee\/en\/wp-json\/wp\/v2\/product\/34672","targetHints":{"allow":["GET"]}}],"collection":[{"href":"https:\/\/www.nordi.ee\/en\/wp-json\/wp\/v2\/product"}],"about":[{"href":"https:\/\/www.nordi.ee\/en\/wp-json\/wp\/v2\/types\/product"}],"replies":[{"embeddable":true,"href":"https:\/\/www.nordi.ee\/en\/wp-json\/wp\/v2\/comments?post=34672"}],"wp:featuredmedia":[{"embeddable":true,"href":"https:\/\/www.nordi.ee\/en\/wp-json\/wp\/v2\/media\/17003"}],"wp:attachment":[{"href":"https:\/\/www.nordi.ee\/en\/wp-json\/wp\/v2\/media?parent=34672"}],"wp:term":[{"taxonomy":"product_brand","embeddable":true,"href":"https:\/\/www.nordi.ee\/en\/wp-json\/wp\/v2\/product_brand?post=34672"},{"taxonomy":"product_cat","embeddable":true,"href":"https:\/\/www.nordi.ee\/en\/wp-json\/wp\/v2\/product_cat?post=34672"},{"taxonomy":"product_tag","embeddable":true,"href":"https:\/\/www.nordi.ee\/en\/wp-json\/wp\/v2\/product_tag?post=34672"}],"curies":[{"name":"wp","href":"https:\/\/api.w.org\/{rel}","templated":true}]}}