{"id":34651,"date":"2025-11-12T07:10:22","date_gmt":"2025-11-12T05:10:22","guid":{"rendered":"https:\/\/www.nordi.ee\/toode\/kontoritool-spinvar-2\/"},"modified":"2026-04-13T05:19:16","modified_gmt":"2026-04-13T02:19:16","slug":"kontoritool-spinvar-2","status":"publish","type":"product","link":"https:\/\/www.nordi.ee\/en\/toode\/kontoritool-spinvar-2\/","title":{"rendered":"Kontoritool SPINVAR 2"},"content":{"rendered":"<p>m\u00f5\u00f5tmed: 9\/62\/99-106\/47-54 cm, TILT mehhanism, kangas \/ pol\u00fcprop\u00fcleen, v\u00e4rv: valge \/ heledhall<\/p>\n","protected":false},"excerpt":{"rendered":"<p>m\u00f5\u00f5tmed: 9\/62\/99-106\/47-54 cm, TILT mehhanism, kangas \/ pol\u00fcprop\u00fcleen, v\u00e4rv: valge \/ heledhall<\/p>\n","protected":false},"featured_media":16983,"comment_status":"closed","ping_status":"open","template":"","meta":{"_gspb_post_css":""},"product_brand":[],"product_cat":[216,4063],"product_tag":[],"class_list":{"0":"post-34651","1":"product","2":"type-product","3":"status-publish","4":"has-post-thumbnail","6":"product_cat-kontor","7":"product_cat-kontoritoolid","8":"pa_istmekorgus-47-54","9":"pa_kaetugi-fikseeritud-kaetugi","10":"pa_kandevoime-100-kg","11":"pa_kanga-varv-hall","12":"pa_kanga-varv-helehall","13":"pa_kanga-varv-valge","14":"pa_korgus-769","15":"pa_laius-1231","16":"pa_mehhanism-kallutus","17":"pa_pakkide-arv-226","18":"pa_peatugi-ilma-peatugedeta","19":"pa_ratta-tuup-kumm","20":"pa_stiil-skandinaavia","21":"pa_stiil-traditsiooniline","22":"pa_sugavus-412","23":"pa_tooli-materjal-kangas","24":"pa_tuba-kontor","25":"pa_vahelaos-ei","26":"pa_varv-hall","27":"pa_varv-valge","29":"first","30":"instock","31":"sale","32":"purchasable","33":"product-type-simple"},"_links":{"self":[{"href":"https:\/\/www.nordi.ee\/en\/wp-json\/wp\/v2\/product\/34651","targetHints":{"allow":["GET"]}}],"collection":[{"href":"https:\/\/www.nordi.ee\/en\/wp-json\/wp\/v2\/product"}],"about":[{"href":"https:\/\/www.nordi.ee\/en\/wp-json\/wp\/v2\/types\/product"}],"replies":[{"embeddable":true,"href":"https:\/\/www.nordi.ee\/en\/wp-json\/wp\/v2\/comments?post=34651"}],"wp:featuredmedia":[{"embeddable":true,"href":"https:\/\/www.nordi.ee\/en\/wp-json\/wp\/v2\/media\/16983"}],"wp:attachment":[{"href":"https:\/\/www.nordi.ee\/en\/wp-json\/wp\/v2\/media?parent=34651"}],"wp:term":[{"taxonomy":"product_brand","embeddable":true,"href":"https:\/\/www.nordi.ee\/en\/wp-json\/wp\/v2\/product_brand?post=34651"},{"taxonomy":"product_cat","embeddable":true,"href":"https:\/\/www.nordi.ee\/en\/wp-json\/wp\/v2\/product_cat?post=34651"},{"taxonomy":"product_tag","embeddable":true,"href":"https:\/\/www.nordi.ee\/en\/wp-json\/wp\/v2\/product_tag?post=34651"}],"curies":[{"name":"wp","href":"https:\/\/api.w.org\/{rel}","templated":true}]}}