{"id":34538,"date":"2025-11-12T07:04:38","date_gmt":"2025-11-12T05:04:38","guid":{"rendered":"https:\/\/www.nordi.ee\/toode\/korvtool-snakor-looduslik-beez\/"},"modified":"2026-04-13T05:19:04","modified_gmt":"2026-04-13T02:19:04","slug":"korvtool-snakor-looduslik-beez","status":"publish","type":"product","link":"https:\/\/www.nordi.ee\/en\/toode\/korvtool-snakor-looduslik-beez\/","title":{"rendered":"Korvtool SNAKOR, looduslik \/ bee\u017e"},"content":{"rendered":"<p>m\u00f5\u00f5tmed: 90\/100\/191\/60 cm, materjal: s\u00fcnteetiline rattan \/ kangas \/ pulberkattega teras, v\u00e4rv: looduslik &#8211; bee\u017e<\/p>\n","protected":false},"excerpt":{"rendered":"<p>m\u00f5\u00f5tmed: 90\/100\/191\/60 cm, materjal: s\u00fcnteetiline rattan \/ kangas \/ pulberkattega teras, v\u00e4rv: looduslik &#8211; bee\u017e<\/p>\n","protected":false},"featured_media":16915,"comment_status":"closed","ping_status":"closed","template":"","meta":{"_gspb_post_css":""},"product_brand":[],"product_cat":[208],"product_tag":[],"class_list":{"0":"post-34538","1":"product","2":"type-product","3":"status-publish","4":"has-post-thumbnail","6":"product_cat-aiamoobel","7":"pa_istmekorgus-2086","8":"pa_kanga-tuup-rotang","9":"pa_korgus-2085","10":"pa_laius-349","11":"pa_laua-suurus-1-person","12":"pa_pakkide-arv-226","13":"pa_raami-varv-must","14":"pa_stiil-kaasaegne","15":"pa_sugavus-1180","16":"pa_tooli-materjal-kangas","17":"pa_vahelaos-jah","18":"pa_varv-puiduimmitatsioon","20":"first","21":"instock","22":"sale","23":"purchasable","24":"product-type-simple"},"_links":{"self":[{"href":"https:\/\/www.nordi.ee\/en\/wp-json\/wp\/v2\/product\/34538","targetHints":{"allow":["GET"]}}],"collection":[{"href":"https:\/\/www.nordi.ee\/en\/wp-json\/wp\/v2\/product"}],"about":[{"href":"https:\/\/www.nordi.ee\/en\/wp-json\/wp\/v2\/types\/product"}],"replies":[{"embeddable":true,"href":"https:\/\/www.nordi.ee\/en\/wp-json\/wp\/v2\/comments?post=34538"}],"wp:featuredmedia":[{"embeddable":true,"href":"https:\/\/www.nordi.ee\/en\/wp-json\/wp\/v2\/media\/16915"}],"wp:attachment":[{"href":"https:\/\/www.nordi.ee\/en\/wp-json\/wp\/v2\/media?parent=34538"}],"wp:term":[{"taxonomy":"product_brand","embeddable":true,"href":"https:\/\/www.nordi.ee\/en\/wp-json\/wp\/v2\/product_brand?post=34538"},{"taxonomy":"product_cat","embeddable":true,"href":"https:\/\/www.nordi.ee\/en\/wp-json\/wp\/v2\/product_cat?post=34538"},{"taxonomy":"product_tag","embeddable":true,"href":"https:\/\/www.nordi.ee\/en\/wp-json\/wp\/v2\/product_tag?post=34538"}],"curies":[{"name":"wp","href":"https:\/\/api.w.org\/{rel}","templated":true}]}}