{"id":34517,"date":"2025-11-12T07:02:08","date_gmt":"2025-11-12T05:02:08","guid":{"rendered":"https:\/\/www.nordi.ee\/toode\/soogilaud-silvern-tumehall-jalg-must\/"},"modified":"2026-04-13T05:19:02","modified_gmt":"2026-04-13T02:19:02","slug":"soogilaud-silvern-tumehall","status":"publish","type":"product","link":"https:\/\/www.nordi.ee\/en\/toode\/soogilaud-silvern-tumehall\/","title":{"rendered":"S\u00f6\u00f6gilaud SILVERN, tumehall"},"content":{"rendered":"<p>m\u00f5\u00f5tmed: 180-220\/89\/75 cm, pikendatav laud, materjal: klaas \/ lakitud MDF, v\u00e4rv: pind &#8211; tumehall, jalad &#8211; mustad<\/p>\n","protected":false},"excerpt":{"rendered":"<p>m\u00f5\u00f5tmed: 180-220\/89\/75 cm, pikendatav laud, materjal: klaas \/ lakitud MDF, v\u00e4rv: pind &#8211; tumehall, jalad &#8211; mustad<\/p>\n","protected":false},"featured_media":16906,"comment_status":"closed","ping_status":"closed","template":"","meta":{"_gspb_post_css":""},"product_brand":[],"product_cat":[190,167],"product_tag":[],"class_list":{"0":"post-34517","1":"product","2":"type-product","3":"status-publish","4":"has-post-thumbnail","6":"product_cat-soogilauad","7":"product_cat-soogituba","8":"pa_jalgade-arv-547","9":"pa_korgus-287","10":"pa_laius-2082","11":"pa_laua-suurus-8-person","12":"pa_laua-varvus-hall","13":"pa_laua-viimistlus-matt","14":"pa_lauaplaadi-kuju-ristkulikukujuline","15":"pa_lauaplaadi-materjal-klaas","16":"pa_lauaplaadi-materjal-lakitud-mdf","17":"pa_maximum-pikkus-4212","18":"pa_pakkide-arv-295","19":"pa_pikendatav-jah","20":"pa_stiil-kaasaegne","21":"pa_sugavus-4101","22":"pa_vahelaos-jah","23":"pa_varv-hall","24":"pa_varv-must","26":"first","27":"instock","28":"sale","29":"purchasable","30":"product-type-simple"},"_links":{"self":[{"href":"https:\/\/www.nordi.ee\/en\/wp-json\/wp\/v2\/product\/34517","targetHints":{"allow":["GET"]}}],"collection":[{"href":"https:\/\/www.nordi.ee\/en\/wp-json\/wp\/v2\/product"}],"about":[{"href":"https:\/\/www.nordi.ee\/en\/wp-json\/wp\/v2\/types\/product"}],"replies":[{"embeddable":true,"href":"https:\/\/www.nordi.ee\/en\/wp-json\/wp\/v2\/comments?post=34517"}],"wp:featuredmedia":[{"embeddable":true,"href":"https:\/\/www.nordi.ee\/en\/wp-json\/wp\/v2\/media\/16906"}],"wp:attachment":[{"href":"https:\/\/www.nordi.ee\/en\/wp-json\/wp\/v2\/media?parent=34517"}],"wp:term":[{"taxonomy":"product_brand","embeddable":true,"href":"https:\/\/www.nordi.ee\/en\/wp-json\/wp\/v2\/product_brand?post=34517"},{"taxonomy":"product_cat","embeddable":true,"href":"https:\/\/www.nordi.ee\/en\/wp-json\/wp\/v2\/product_cat?post=34517"},{"taxonomy":"product_tag","embeddable":true,"href":"https:\/\/www.nordi.ee\/en\/wp-json\/wp\/v2\/product_tag?post=34517"}],"curies":[{"name":"wp","href":"https:\/\/api.w.org\/{rel}","templated":true}]}}