{"id":34402,"date":"2025-11-12T03:23:40","date_gmt":"2025-11-12T01:23:40","guid":{"rendered":"https:\/\/www.nordi.ee\/toode\/semir-vabaaja-tool-beez-2\/"},"modified":"2026-04-13T05:18:54","modified_gmt":"2026-04-13T02:18:54","slug":"tugitool-semiir-elektriline-recliner-beez","status":"publish","type":"product","link":"https:\/\/www.nordi.ee\/en\/toode\/tugitool-semiir-elektriline-recliner-beez\/","title":{"rendered":"Tugitool SEMIIR elektriline recline, bee\u017e"},"content":{"rendered":"<p>m\u00f5\u00f5dud: 80\/90-170\/92-108\/46 cm, elektrilise kokkuklappimise funktsiooniga lounge tool \/ USB pesa, materjal: sametkangas, v\u00e4rv: bee\u017e &#8211; BLUVEL 28<\/p>\n","protected":false},"excerpt":{"rendered":"<p>m\u00f5\u00f5dud: 80\/90-170\/92-108\/46 cm, elektrilise kokkuklappimise funktsiooniga lounge tool \/ USB pesa, materjal: sametkangas, v\u00e4rv: bee\u017e &#8211; BLUVEL 28<\/p>\n","protected":false},"featured_media":16857,"comment_status":"closed","ping_status":"closed","template":"","meta":{"_gspb_post_css":""},"product_brand":[],"product_cat":[215,188],"product_tag":[],"class_list":{"0":"post-34402","1":"product","2":"type-product","3":"status-publish","4":"has-post-thumbnail","6":"product_cat-pehme-moobel","7":"product_cat-tugitoolid","8":"pa_istmekorgus-647","9":"pa_jalgade-raami-materjal-polupropuleen","10":"pa_jalgade-raami-varv-must","11":"pa_kanga-tuup-sametkangas","12":"pa_kanga-varv-beez","13":"pa_korgus-758","14":"pa_laius-353","15":"pa_lisafunktsioonid-recliner-funktsioon","16":"pa_pakkide-arv-295","17":"pa_stiil-klassikaline","18":"pa_stiil-traditsiooniline","19":"pa_sugavus-351","20":"pa_vahelaos-jah","21":"pa_varv-beez","22":"pa_varv-must","24":"first","25":"instock","26":"sale","27":"purchasable","28":"product-type-simple"},"_links":{"self":[{"href":"https:\/\/www.nordi.ee\/en\/wp-json\/wp\/v2\/product\/34402","targetHints":{"allow":["GET"]}}],"collection":[{"href":"https:\/\/www.nordi.ee\/en\/wp-json\/wp\/v2\/product"}],"about":[{"href":"https:\/\/www.nordi.ee\/en\/wp-json\/wp\/v2\/types\/product"}],"replies":[{"embeddable":true,"href":"https:\/\/www.nordi.ee\/en\/wp-json\/wp\/v2\/comments?post=34402"}],"wp:featuredmedia":[{"embeddable":true,"href":"https:\/\/www.nordi.ee\/en\/wp-json\/wp\/v2\/media\/16857"}],"wp:attachment":[{"href":"https:\/\/www.nordi.ee\/en\/wp-json\/wp\/v2\/media?parent=34402"}],"wp:term":[{"taxonomy":"product_brand","embeddable":true,"href":"https:\/\/www.nordi.ee\/en\/wp-json\/wp\/v2\/product_brand?post=34402"},{"taxonomy":"product_cat","embeddable":true,"href":"https:\/\/www.nordi.ee\/en\/wp-json\/wp\/v2\/product_cat?post=34402"},{"taxonomy":"product_tag","embeddable":true,"href":"https:\/\/www.nordi.ee\/en\/wp-json\/wp\/v2\/product_tag?post=34402"}],"curies":[{"name":"wp","href":"https:\/\/api.w.org\/{rel}","templated":true}]}}