{"id":34388,"date":"2025-11-12T03:23:40","date_gmt":"2025-11-12T01:23:40","guid":{"rendered":"https:\/\/www.nordi.ee\/toode\/tugitool-tool-semiir-2-hall\/"},"modified":"2026-04-13T05:18:54","modified_gmt":"2026-04-13T02:18:54","slug":"tugitool-semiir-2-elektriline-recliner-massaaz-hall","status":"publish","type":"product","link":"https:\/\/www.nordi.ee\/en\/toode\/tugitool-semiir-2-elektriline-recliner-massaaz-hall\/","title":{"rendered":"Tugitool SEMIIR 2 elektriline recliner + massaa\u017e, hall"},"content":{"rendered":"<p>m\u00f5\u00f5tmed: 80\/108-90\/90-160\/51-52 cm, elektriline reklaamtool \/ t\u00f5stmisfunktsioon \/ massaa\u017eifunktsioon \/ USB-nupp, materjal: sametkangas &#8211; BLUVEL, v\u00e4rv: hall #14<\/p>\n","protected":false},"excerpt":{"rendered":"<p>m\u00f5\u00f5tmed: 80\/108-90\/90-160\/51-52 cm, elektriline reklaamtool \/ t\u00f5stmisfunktsioon \/ massaa\u017eifunktsioon \/ USB-nupp, materjal: sametkangas &#8211; BLUVEL, v\u00e4rv: hall #14<\/p>\n","protected":false},"featured_media":16853,"comment_status":"closed","ping_status":"closed","template":"","meta":{"_gspb_post_css":""},"product_brand":[],"product_cat":[215,188],"product_tag":[],"class_list":{"0":"post-34388","1":"product","2":"type-product","3":"status-publish","4":"has-post-thumbnail","6":"product_cat-pehme-moobel","7":"product_cat-tugitoolid","8":"pa_istmekorgus-51-52","9":"pa_kanga-tuup-sametkangas","10":"pa_kanga-varv-hall","11":"pa_korgus-678","12":"pa_laius-353","13":"pa_lisafunktsioonid-massaazifunktsioon","14":"pa_lisafunktsioonid-tostefunktsioon","15":"pa_pakkide-arv-295","16":"pa_stiil-traditsiooniline","17":"pa_sugavus-4178","18":"pa_vahelaos-jah","19":"pa_varv-hall","21":"first","22":"instock","23":"sale","24":"purchasable","25":"product-type-simple"},"_links":{"self":[{"href":"https:\/\/www.nordi.ee\/en\/wp-json\/wp\/v2\/product\/34388","targetHints":{"allow":["GET"]}}],"collection":[{"href":"https:\/\/www.nordi.ee\/en\/wp-json\/wp\/v2\/product"}],"about":[{"href":"https:\/\/www.nordi.ee\/en\/wp-json\/wp\/v2\/types\/product"}],"replies":[{"embeddable":true,"href":"https:\/\/www.nordi.ee\/en\/wp-json\/wp\/v2\/comments?post=34388"}],"wp:featuredmedia":[{"embeddable":true,"href":"https:\/\/www.nordi.ee\/en\/wp-json\/wp\/v2\/media\/16853"}],"wp:attachment":[{"href":"https:\/\/www.nordi.ee\/en\/wp-json\/wp\/v2\/media?parent=34388"}],"wp:term":[{"taxonomy":"product_brand","embeddable":true,"href":"https:\/\/www.nordi.ee\/en\/wp-json\/wp\/v2\/product_brand?post=34388"},{"taxonomy":"product_cat","embeddable":true,"href":"https:\/\/www.nordi.ee\/en\/wp-json\/wp\/v2\/product_cat?post=34388"},{"taxonomy":"product_tag","embeddable":true,"href":"https:\/\/www.nordi.ee\/en\/wp-json\/wp\/v2\/product_tag?post=34388"}],"curies":[{"name":"wp","href":"https:\/\/api.w.org\/{rel}","templated":true}]}}