{"id":34310,"date":"2025-11-12T03:19:47","date_gmt":"2025-11-12T01:19:47","guid":{"rendered":"https:\/\/www.nordi.ee\/toode\/tool-satron-must\/"},"modified":"2026-04-13T05:18:45","modified_gmt":"2026-04-13T02:18:45","slug":"tool-satron-must","status":"publish","type":"product","link":"https:\/\/www.nordi.ee\/en\/toode\/tool-satron-must\/","title":{"rendered":"Kontoritool SATRON, must"},"content":{"rendered":"<p>TILT mehhanism, reguleeritavad k\u00e4etuged, m\u00f5\u00f5tmed: 67\/65\/112\u00f7120 cm, materjal: perforeritud \u00f6kokoer, v\u00e4rv: must.<\/p>\n","protected":false},"excerpt":{"rendered":"<p>TILT mehhanism, reguleeritavad k\u00e4etuged, m\u00f5\u00f5tmed: 67\/65\/112\u00f7120 cm, materjal: perforeritud \u00f6kokoer, v\u00e4rv: must.<\/p>\n","protected":false},"featured_media":16810,"comment_status":"closed","ping_status":"closed","template":"","meta":{"_gspb_post_css":""},"product_brand":[],"product_cat":[4063,216],"product_tag":[],"class_list":{"0":"post-34310","1":"product","2":"type-product","3":"status-publish","4":"has-post-thumbnail","6":"product_cat-kontoritoolid","7":"product_cat-kontor","8":"pa_istmekorgus-44-52","9":"pa_kaetugi-reguleeritav-kaetugi","10":"pa_kandevoime-120-kg","11":"pa_kanga-varv-must","12":"pa_korgus-1151","13":"pa_laius-643","14":"pa_mehhanism-kallutus","15":"pa_pakkide-arv-226","16":"pa_peatugi-ilma-peatugedeta","17":"pa_ratta-tuup-normaalne","18":"pa_stiil-kaasaegne","19":"pa_sugavus-563","20":"pa_tooli-materjal-perforeeritud-kunstnahk","21":"pa_tuba-kapp","22":"pa_vahelaos-jah","23":"pa_varv-must","25":"first","26":"instock","27":"sale","28":"purchasable","29":"product-type-simple"},"_links":{"self":[{"href":"https:\/\/www.nordi.ee\/en\/wp-json\/wp\/v2\/product\/34310","targetHints":{"allow":["GET"]}}],"collection":[{"href":"https:\/\/www.nordi.ee\/en\/wp-json\/wp\/v2\/product"}],"about":[{"href":"https:\/\/www.nordi.ee\/en\/wp-json\/wp\/v2\/types\/product"}],"replies":[{"embeddable":true,"href":"https:\/\/www.nordi.ee\/en\/wp-json\/wp\/v2\/comments?post=34310"}],"wp:featuredmedia":[{"embeddable":true,"href":"https:\/\/www.nordi.ee\/en\/wp-json\/wp\/v2\/media\/16810"}],"wp:attachment":[{"href":"https:\/\/www.nordi.ee\/en\/wp-json\/wp\/v2\/media?parent=34310"}],"wp:term":[{"taxonomy":"product_brand","embeddable":true,"href":"https:\/\/www.nordi.ee\/en\/wp-json\/wp\/v2\/product_brand?post=34310"},{"taxonomy":"product_cat","embeddable":true,"href":"https:\/\/www.nordi.ee\/en\/wp-json\/wp\/v2\/product_cat?post=34310"},{"taxonomy":"product_tag","embeddable":true,"href":"https:\/\/www.nordi.ee\/en\/wp-json\/wp\/v2\/product_tag?post=34310"}],"curies":[{"name":"wp","href":"https:\/\/api.w.org\/{rel}","templated":true}]}}