{"id":34283,"date":"2025-11-12T03:18:20","date_gmt":"2025-11-12T01:18:20","guid":{"rendered":"https:\/\/www.nordi.ee\/toode\/kontoritool-santor-must\/"},"modified":"2026-04-13T05:18:42","modified_gmt":"2026-04-13T02:18:42","slug":"kontoritool-santor-must","status":"publish","type":"product","link":"https:\/\/www.nordi.ee\/en\/toode\/kontoritool-santor-must\/","title":{"rendered":"Kontoritool SANTOR, must"},"content":{"rendered":"<p>m\u00f5\u00f5tmed: 61\/67\/104-114\/48-58 cm, TILT mehhanism, v\u00f5rkkangas \/ kangas \/ pol\u00fcprop\u00fcleen, v\u00e4rvid: must<\/p>\n","protected":false},"excerpt":{"rendered":"<p>m\u00f5\u00f5tmed: 61\/67\/104-114\/48-58 cm, TILT mehhanism, v\u00f5rkkangas \/ kangas \/ pol\u00fcprop\u00fcleen, v\u00e4rvid: must<\/p>\n","protected":false},"featured_media":16791,"comment_status":"closed","ping_status":"open","template":"","meta":{"_gspb_post_css":""},"product_brand":[],"product_cat":[216,4063],"product_tag":[],"class_list":{"0":"post-34283","1":"product","2":"type-product","3":"status-publish","4":"has-post-thumbnail","6":"product_cat-kontor","7":"product_cat-kontoritoolid","8":"pa_istmekorgus-48-58","9":"pa_kaetugi-fikseeritud-kaetugi","10":"pa_kandevoime-100-kg","11":"pa_kanga-varv-must","12":"pa_korgus-1252","13":"pa_laius-1259","14":"pa_mehhanism-kallutus","15":"pa_pakkide-arv-226","16":"pa_peatugi-ilma-peatugedeta","17":"pa_ratta-tuup-normaalne","18":"pa_stiil-kaasaegne","19":"pa_sugavus-633","20":"pa_tooli-materjal-kangas","21":"pa_tooli-materjal-vork","22":"pa_tuba-kapp","23":"pa_vahelaos-ei","24":"pa_varv-must","26":"first","27":"instock","28":"sale","29":"purchasable","30":"product-type-simple"},"_links":{"self":[{"href":"https:\/\/www.nordi.ee\/en\/wp-json\/wp\/v2\/product\/34283","targetHints":{"allow":["GET"]}}],"collection":[{"href":"https:\/\/www.nordi.ee\/en\/wp-json\/wp\/v2\/product"}],"about":[{"href":"https:\/\/www.nordi.ee\/en\/wp-json\/wp\/v2\/types\/product"}],"replies":[{"embeddable":true,"href":"https:\/\/www.nordi.ee\/en\/wp-json\/wp\/v2\/comments?post=34283"}],"wp:featuredmedia":[{"embeddable":true,"href":"https:\/\/www.nordi.ee\/en\/wp-json\/wp\/v2\/media\/16791"}],"wp:attachment":[{"href":"https:\/\/www.nordi.ee\/en\/wp-json\/wp\/v2\/media?parent=34283"}],"wp:term":[{"taxonomy":"product_brand","embeddable":true,"href":"https:\/\/www.nordi.ee\/en\/wp-json\/wp\/v2\/product_brand?post=34283"},{"taxonomy":"product_cat","embeddable":true,"href":"https:\/\/www.nordi.ee\/en\/wp-json\/wp\/v2\/product_cat?post=34283"},{"taxonomy":"product_tag","embeddable":true,"href":"https:\/\/www.nordi.ee\/en\/wp-json\/wp\/v2\/product_tag?post=34283"}],"curies":[{"name":"wp","href":"https:\/\/api.w.org\/{rel}","templated":true}]}}