{"id":34267,"date":"2025-11-12T03:18:20","date_gmt":"2025-11-12T01:18:20","guid":{"rendered":"https:\/\/www.nordi.ee\/toode\/sandy-voodi-varv-valge-2\/"},"modified":"2026-04-15T05:11:16","modified_gmt":"2026-04-15T02:11:16","slug":"voodi-sando-valge-2","status":"publish","type":"product","link":"https:\/\/www.nordi.ee\/en\/toode\/voodi-sando-valge-2\/","title":{"rendered":"Voodi SANDO, valge"},"content":{"rendered":"<p>m\u00f5\u00f5tmed: 174\/217\/100\/35 cm, materjal: massiivne puit \/ \u00f6kotehniline nahk, v\u00e4rv: \u00f6kotehniline nahk &#8211; valge, puit &#8211; kasevith.<\/p>\n","protected":false},"excerpt":{"rendered":"<p>m\u00f5\u00f5tmed: 174\/217\/100\/35 cm, materjal: massiivne puit \/ \u00f6kotehniline nahk, v\u00e4rv: \u00f6kotehniline nahk &#8211; valge, puit &#8211; kasevith.<\/p>\n","protected":false},"featured_media":16781,"comment_status":"closed","ping_status":"closed","template":"","meta":{"_gspb_post_css":""},"product_brand":[],"product_cat":[166,215,179],"product_tag":[],"class_list":{"0":"post-34267","1":"product","2":"type-product","3":"status-publish","4":"has-post-thumbnail","6":"product_cat-magamistuba","7":"product_cat-pehme-moobel","8":"product_cat-voodid","9":"pa_kanga-tuup-kunstnahk","10":"pa_korgus-636","11":"pa_laius-2054","12":"pa_pakkide-arv-295","13":"pa_pesukast-ei","14":"pa_sobiv-madratsi-suurus-160x200cm","15":"pa_stiil-glamuurne","16":"pa_stiil-klassikaline","17":"pa_sugavus-4122","18":"pa_tuba-magamistuba","19":"pa_vahelaos-jah","20":"pa_varv-valge","21":"pa_voodituup-polsterdatud","23":"first","24":"instock","25":"sale","26":"purchasable","27":"product-type-simple"},"_links":{"self":[{"href":"https:\/\/www.nordi.ee\/en\/wp-json\/wp\/v2\/product\/34267","targetHints":{"allow":["GET"]}}],"collection":[{"href":"https:\/\/www.nordi.ee\/en\/wp-json\/wp\/v2\/product"}],"about":[{"href":"https:\/\/www.nordi.ee\/en\/wp-json\/wp\/v2\/types\/product"}],"replies":[{"embeddable":true,"href":"https:\/\/www.nordi.ee\/en\/wp-json\/wp\/v2\/comments?post=34267"}],"wp:featuredmedia":[{"embeddable":true,"href":"https:\/\/www.nordi.ee\/en\/wp-json\/wp\/v2\/media\/16781"}],"wp:attachment":[{"href":"https:\/\/www.nordi.ee\/en\/wp-json\/wp\/v2\/media?parent=34267"}],"wp:term":[{"taxonomy":"product_brand","embeddable":true,"href":"https:\/\/www.nordi.ee\/en\/wp-json\/wp\/v2\/product_brand?post=34267"},{"taxonomy":"product_cat","embeddable":true,"href":"https:\/\/www.nordi.ee\/en\/wp-json\/wp\/v2\/product_cat?post=34267"},{"taxonomy":"product_tag","embeddable":true,"href":"https:\/\/www.nordi.ee\/en\/wp-json\/wp\/v2\/product_tag?post=34267"}],"curies":[{"name":"wp","href":"https:\/\/api.w.org\/{rel}","templated":true}]}}