{"id":34249,"date":"2025-11-12T03:16:36","date_gmt":"2025-11-12T01:16:36","guid":{"rendered":"https:\/\/www.nordi.ee\/toode\/pikendatav-soogilaud-sandro-clack\/"},"modified":"2026-04-13T05:18:39","modified_gmt":"2026-04-13T02:18:39","slug":"pikendatav-soogilaud-sandro","status":"publish","type":"product","link":"https:\/\/www.nordi.ee\/en\/toode\/pikendatav-soogilaud-sandro\/","title":{"rendered":"Pikendatav S\u00f6\u00f6gilaud SANDRO"},"content":{"rendered":"<p>m\u00f5\u00f5tmed: 180-240\/100\/76 cm, laienev laud, materjal: laminaat MDF &#8211; melamiin \/ pulberkattega teras, v\u00e4rv: pind &#8211; must, jalad &#8211; must<\/p>\n","protected":false},"excerpt":{"rendered":"<p>m\u00f5\u00f5tmed: 180-240\/100\/76 cm, laienev laud, materjal: laminaat MDF &#8211; melamiin \/ pulberkattega teras, v\u00e4rv: pind &#8211; must, jalad &#8211; must<\/p>\n","protected":false},"featured_media":16777,"comment_status":"closed","ping_status":"closed","template":"","meta":{"_gspb_post_css":""},"product_brand":[],"product_cat":[190,167],"product_tag":[],"class_list":{"0":"post-34249","1":"product","2":"type-product","3":"status-publish","4":"has-post-thumbnail","6":"product_cat-soogilauad","7":"product_cat-soogituba","8":"pa_jalgade-arv-289","9":"pa_korgus-406","10":"pa_laius-615","11":"pa_laua-suurus-8-person-6-person","12":"pa_laua-varvus-must","13":"pa_laua-viimistlus-matt","14":"pa_lauaplaadi-kuju-ovaalne","15":"pa_lauaplaadi-materjal-lamiiniga-kaetud-mdf","16":"pa_maximum-pikkus-4209","17":"pa_pakkide-arv-226","18":"pa_pikendatav-jah","19":"pa_raami-materjal-metall","20":"pa_stiil-kaasaegne","21":"pa_sugavus-4101","22":"pa_vahelaos-jah","23":"pa_varv-must","25":"first","26":"instock","27":"sale","28":"purchasable","29":"product-type-simple"},"_links":{"self":[{"href":"https:\/\/www.nordi.ee\/en\/wp-json\/wp\/v2\/product\/34249","targetHints":{"allow":["GET"]}}],"collection":[{"href":"https:\/\/www.nordi.ee\/en\/wp-json\/wp\/v2\/product"}],"about":[{"href":"https:\/\/www.nordi.ee\/en\/wp-json\/wp\/v2\/types\/product"}],"replies":[{"embeddable":true,"href":"https:\/\/www.nordi.ee\/en\/wp-json\/wp\/v2\/comments?post=34249"}],"wp:featuredmedia":[{"embeddable":true,"href":"https:\/\/www.nordi.ee\/en\/wp-json\/wp\/v2\/media\/16777"}],"wp:attachment":[{"href":"https:\/\/www.nordi.ee\/en\/wp-json\/wp\/v2\/media?parent=34249"}],"wp:term":[{"taxonomy":"product_brand","embeddable":true,"href":"https:\/\/www.nordi.ee\/en\/wp-json\/wp\/v2\/product_brand?post=34249"},{"taxonomy":"product_cat","embeddable":true,"href":"https:\/\/www.nordi.ee\/en\/wp-json\/wp\/v2\/product_cat?post=34249"},{"taxonomy":"product_tag","embeddable":true,"href":"https:\/\/www.nordi.ee\/en\/wp-json\/wp\/v2\/product_tag?post=34249"}],"curies":[{"name":"wp","href":"https:\/\/api.w.org\/{rel}","templated":true}]}}