{"id":34236,"date":"2025-11-12T03:16:36","date_gmt":"2025-11-12T01:16:36","guid":{"rendered":"https:\/\/www.nordi.ee\/toode\/sandor-pikendustabel-varv-kuldne-tamme\/"},"modified":"2026-04-13T05:18:36","modified_gmt":"2026-04-13T02:18:36","slug":"pikendatav-soogilaud-sander-kuldne-tamme","status":"publish","type":"product","link":"https:\/\/www.nordi.ee\/en\/toode\/pikendatav-soogilaud-sander-kuldne-tamme\/","title":{"rendered":"Pikendatav s\u00f6\u00f6gilaud SANDER, tamm"},"content":{"rendered":"<p>laiendatav laud, m\u00f5\u00f5tmed: 160\u00f7220\/90\/75 cm, materjal: laminaat MDF \/ roostevaba teras, v\u00e4rv: kuldne tamm<\/p>\n","protected":false},"excerpt":{"rendered":"<p>laiendatav laud, m\u00f5\u00f5tmed: 160\u00f7220\/90\/75 cm, materjal: laminaat MDF \/ roostevaba teras, v\u00e4rv: kuldne tamm<\/p>\n","protected":false},"featured_media":16765,"comment_status":"closed","ping_status":"closed","template":"","meta":{"_gspb_post_css":""},"product_brand":[],"product_cat":[190,167],"product_tag":[],"class_list":{"0":"post-34236","1":"product","2":"type-product","3":"status-publish","4":"has-post-thumbnail","6":"product_cat-soogilauad","7":"product_cat-soogituba","8":"pa_jalgade-arv-1-2","9":"pa_korgus-505","10":"pa_laius-349","11":"pa_laua-suurus-6-person-8-person","12":"pa_laua-varvus-tamm","13":"pa_laua-viimistlus-matt","14":"pa_lauaplaadi-kuju-ristkulikukujuline","15":"pa_lauaplaadi-materjal-lamiiniga-kaetud-mdf","16":"pa_lisafunktsioonid-pikendatav","17":"pa_maximum-pikkus-4212","18":"pa_pakkide-arv-466","19":"pa_pikendatav-jah","20":"pa_stiil-kaasaegne","21":"pa_sugavus-4084","22":"pa_vahelaos-jah","23":"pa_varv-tamm","25":"first","26":"instock","27":"sale","28":"purchasable","29":"product-type-simple"},"_links":{"self":[{"href":"https:\/\/www.nordi.ee\/en\/wp-json\/wp\/v2\/product\/34236","targetHints":{"allow":["GET"]}}],"collection":[{"href":"https:\/\/www.nordi.ee\/en\/wp-json\/wp\/v2\/product"}],"about":[{"href":"https:\/\/www.nordi.ee\/en\/wp-json\/wp\/v2\/types\/product"}],"replies":[{"embeddable":true,"href":"https:\/\/www.nordi.ee\/en\/wp-json\/wp\/v2\/comments?post=34236"}],"wp:featuredmedia":[{"embeddable":true,"href":"https:\/\/www.nordi.ee\/en\/wp-json\/wp\/v2\/media\/16765"}],"wp:attachment":[{"href":"https:\/\/www.nordi.ee\/en\/wp-json\/wp\/v2\/media?parent=34236"}],"wp:term":[{"taxonomy":"product_brand","embeddable":true,"href":"https:\/\/www.nordi.ee\/en\/wp-json\/wp\/v2\/product_brand?post=34236"},{"taxonomy":"product_cat","embeddable":true,"href":"https:\/\/www.nordi.ee\/en\/wp-json\/wp\/v2\/product_cat?post=34236"},{"taxonomy":"product_tag","embeddable":true,"href":"https:\/\/www.nordi.ee\/en\/wp-json\/wp\/v2\/product_tag?post=34236"}],"curies":[{"name":"wp","href":"https:\/\/api.w.org\/{rel}","templated":true}]}}