{"id":34235,"date":"2025-11-12T03:16:36","date_gmt":"2025-11-12T01:16:36","guid":{"rendered":"https:\/\/www.nordi.ee\/toode\/soogilaud-sandren-3\/"},"modified":"2026-04-13T05:18:35","modified_gmt":"2026-04-13T02:18:35","slug":"soogilaud-sandren-3","status":"publish","type":"product","link":"https:\/\/www.nordi.ee\/en\/toode\/soogilaud-sandren-3\/","title":{"rendered":"S\u00f6\u00f6gilaud SANDER 3"},"content":{"rendered":"<p>m\u00f5\u00f5dud: 160\u00f7220\/90\/75 cm, pikendatav laud, materjal: laminaat MDF \/ pulberkattega teras, v\u00e4rv: kuldne tamm \/ must nP\u00e4rast vedelike mahapillamist lauapinnale p\u00fchkige see kohe kuivaks, et v\u00e4ltida lauapinna materjali veesidemete imbumist.<\/p>\n","protected":false},"excerpt":{"rendered":"<p>m\u00f5\u00f5dud: 160\u00f7220\/90\/75 cm, pikendatav laud, materjal: laminaat MDF \/ pulberkattega teras, v\u00e4rv: kuldne tamm \/ must nP\u00e4rast vedelike mahapillamist lauapinnale p\u00fchkige see kohe kuivaks, et v\u00e4ltida lauapinna materjali veesidemete imbumist.<\/p>\n","protected":false},"featured_media":16762,"comment_status":"closed","ping_status":"closed","template":"","meta":{"_gspb_post_css":""},"product_brand":[],"product_cat":[190,167],"product_tag":[],"class_list":{"0":"post-34235","1":"product","2":"type-product","3":"status-publish","4":"has-post-thumbnail","6":"product_cat-soogilauad","7":"product_cat-soogituba","8":"pa_jalgade-arv-1-2","9":"pa_korgus-287","10":"pa_laius-349","11":"pa_laua-suurus-6-person-8-person","12":"pa_laua-varvus-tamm","13":"pa_laua-viimistlus-matt","14":"pa_lauaplaadi-kuju-ristkulikukujuline","15":"pa_lauaplaadi-materjal-lamiiniga-kaetud-mdf","16":"pa_maximum-pikkus-4212","17":"pa_pakkide-arv-466","18":"pa_pikendatav-jah","19":"pa_stiil-loft","20":"pa_stiil-moodne","21":"pa_sugavus-4084","22":"pa_vahelaos-jah","23":"pa_varv-tamm","25":"first","26":"instock","27":"sale","28":"purchasable","29":"product-type-simple"},"_links":{"self":[{"href":"https:\/\/www.nordi.ee\/en\/wp-json\/wp\/v2\/product\/34235","targetHints":{"allow":["GET"]}}],"collection":[{"href":"https:\/\/www.nordi.ee\/en\/wp-json\/wp\/v2\/product"}],"about":[{"href":"https:\/\/www.nordi.ee\/en\/wp-json\/wp\/v2\/types\/product"}],"replies":[{"embeddable":true,"href":"https:\/\/www.nordi.ee\/en\/wp-json\/wp\/v2\/comments?post=34235"}],"wp:featuredmedia":[{"embeddable":true,"href":"https:\/\/www.nordi.ee\/en\/wp-json\/wp\/v2\/media\/16762"}],"wp:attachment":[{"href":"https:\/\/www.nordi.ee\/en\/wp-json\/wp\/v2\/media?parent=34235"}],"wp:term":[{"taxonomy":"product_brand","embeddable":true,"href":"https:\/\/www.nordi.ee\/en\/wp-json\/wp\/v2\/product_brand?post=34235"},{"taxonomy":"product_cat","embeddable":true,"href":"https:\/\/www.nordi.ee\/en\/wp-json\/wp\/v2\/product_cat?post=34235"},{"taxonomy":"product_tag","embeddable":true,"href":"https:\/\/www.nordi.ee\/en\/wp-json\/wp\/v2\/product_tag?post=34235"}],"curies":[{"name":"wp","href":"https:\/\/api.w.org\/{rel}","templated":true}]}}