{"id":34233,"date":"2025-11-12T03:13:59","date_gmt":"2025-11-12T01:13:59","guid":{"rendered":"https:\/\/www.nordi.ee\/toode\/soogilaud-sandren-2-hall\/"},"modified":"2026-04-13T05:18:35","modified_gmt":"2026-04-13T02:18:35","slug":"soogilaud-sander-2-hall","status":"publish","type":"product","link":"https:\/\/www.nordi.ee\/en\/toode\/soogilaud-sander-2-hall\/","title":{"rendered":"S\u00f6\u00f6gilaud SANDER 2, hall"},"content":{"rendered":"<p>laiendatav laud, m\u00f5\u00f5tmed: 160\u00f7220\/90\/78 cm, materjal: klaas \/ lakitud MDF \/ roostevaba teras, v\u00e4rv: klaas &#8211; hall, MDF &#8211; valge<\/p>\n","protected":false},"excerpt":{"rendered":"<p>laiendatav laud, m\u00f5\u00f5tmed: 160\u00f7220\/90\/78 cm, materjal: klaas \/ lakitud MDF \/ roostevaba teras, v\u00e4rv: klaas &#8211; hall, MDF &#8211; valge<\/p>\n","protected":false},"featured_media":16758,"comment_status":"closed","ping_status":"closed","template":"","meta":{"_gspb_post_css":""},"product_brand":[],"product_cat":[190,167],"product_tag":[],"class_list":{"0":"post-34233","1":"product","2":"type-product","3":"status-publish","4":"has-post-thumbnail","6":"product_cat-soogilauad","7":"product_cat-soogituba","8":"pa_jalgade-arv-1-2","9":"pa_korgus-766","10":"pa_laius-349","11":"pa_laua-suurus-6-person-8-person","12":"pa_laua-varvus-hall","13":"pa_laua-viimistlus-laikiv","14":"pa_lauaplaadi-kuju-ristkulikukujuline","15":"pa_lauaplaadi-materjal-klaas","16":"pa_lauaplaadi-materjal-lakitud-mdf","17":"pa_maximum-pikkus-4212","18":"pa_pakkide-arv-466","19":"pa_pikendatav-jah","20":"pa_stiil-glamuur","21":"pa_stiil-moodne","22":"pa_sugavus-4084","23":"pa_vahelaos-jah","24":"pa_varv-hall","26":"first","27":"instock","28":"sale","29":"purchasable","30":"product-type-simple"},"_links":{"self":[{"href":"https:\/\/www.nordi.ee\/en\/wp-json\/wp\/v2\/product\/34233","targetHints":{"allow":["GET"]}}],"collection":[{"href":"https:\/\/www.nordi.ee\/en\/wp-json\/wp\/v2\/product"}],"about":[{"href":"https:\/\/www.nordi.ee\/en\/wp-json\/wp\/v2\/types\/product"}],"replies":[{"embeddable":true,"href":"https:\/\/www.nordi.ee\/en\/wp-json\/wp\/v2\/comments?post=34233"}],"wp:featuredmedia":[{"embeddable":true,"href":"https:\/\/www.nordi.ee\/en\/wp-json\/wp\/v2\/media\/16758"}],"wp:attachment":[{"href":"https:\/\/www.nordi.ee\/en\/wp-json\/wp\/v2\/media?parent=34233"}],"wp:term":[{"taxonomy":"product_brand","embeddable":true,"href":"https:\/\/www.nordi.ee\/en\/wp-json\/wp\/v2\/product_brand?post=34233"},{"taxonomy":"product_cat","embeddable":true,"href":"https:\/\/www.nordi.ee\/en\/wp-json\/wp\/v2\/product_cat?post=34233"},{"taxonomy":"product_tag","embeddable":true,"href":"https:\/\/www.nordi.ee\/en\/wp-json\/wp\/v2\/product_tag?post=34233"}],"curies":[{"name":"wp","href":"https:\/\/api.w.org\/{rel}","templated":true}]}}