{"id":34214,"date":"2025-11-12T03:13:59","date_gmt":"2025-11-12T01:13:59","guid":{"rendered":"https:\/\/www.nordi.ee\/toode\/sandor-2-laud-varv-ekstra-valge-2\/"},"modified":"2026-04-13T05:18:33","modified_gmt":"2026-04-13T02:18:33","slug":"soogilaud-sander-valge","status":"publish","type":"product","link":"https:\/\/www.nordi.ee\/en\/toode\/soogilaud-sander-valge\/","title":{"rendered":"S\u00f6\u00f6gilaud SANDER, valge"},"content":{"rendered":"<p>laiendatav laud, m\u00f5\u00f5dud: 160\u00f7220\/90\/78 cm, materjal: klaas \/ lakitud MDF \/ roostevaba teras, v\u00e4rv: klaas &#8211; ekstra valge, MDF &#8211; valge<\/p>\n","protected":false},"excerpt":{"rendered":"<p>laiendatav laud, m\u00f5\u00f5dud: 160\u00f7220\/90\/78 cm, materjal: klaas \/ lakitud MDF \/ roostevaba teras, v\u00e4rv: klaas &#8211; ekstra valge, MDF &#8211; valge<\/p>\n","protected":false},"featured_media":16750,"comment_status":"closed","ping_status":"closed","template":"","meta":{"_gspb_post_css":""},"product_brand":[],"product_cat":[190,167],"product_tag":[],"class_list":{"0":"post-34214","1":"product","2":"type-product","3":"status-publish","4":"has-post-thumbnail","6":"product_cat-soogilauad","7":"product_cat-soogituba","8":"pa_jalgade-arv-2-1","9":"pa_korgus-766","10":"pa_laius-349","11":"pa_laua-suurus-6-person-8-person","12":"pa_laua-varvus-valge","13":"pa_laua-viimistlus-laikiv","14":"pa_lauaplaadi-kuju-ristkulikukujuline","15":"pa_lauaplaadi-materjal-klaas","16":"pa_lauaplaadi-materjal-lakitud-mdf","17":"pa_maximum-pikkus-4212","18":"pa_pakkide-arv-466","19":"pa_pikendatav-jah","20":"pa_raami-materjal-metall","21":"pa_stiil-glamuurne","22":"pa_stiil-kaasaegne","23":"pa_sugavus-4084","24":"pa_vahelaos-jah","25":"pa_varv-valge","27":"first","28":"instock","29":"sale","30":"purchasable","31":"product-type-simple"},"_links":{"self":[{"href":"https:\/\/www.nordi.ee\/en\/wp-json\/wp\/v2\/product\/34214","targetHints":{"allow":["GET"]}}],"collection":[{"href":"https:\/\/www.nordi.ee\/en\/wp-json\/wp\/v2\/product"}],"about":[{"href":"https:\/\/www.nordi.ee\/en\/wp-json\/wp\/v2\/types\/product"}],"replies":[{"embeddable":true,"href":"https:\/\/www.nordi.ee\/en\/wp-json\/wp\/v2\/comments?post=34214"}],"wp:featuredmedia":[{"embeddable":true,"href":"https:\/\/www.nordi.ee\/en\/wp-json\/wp\/v2\/media\/16750"}],"wp:attachment":[{"href":"https:\/\/www.nordi.ee\/en\/wp-json\/wp\/v2\/media?parent=34214"}],"wp:term":[{"taxonomy":"product_brand","embeddable":true,"href":"https:\/\/www.nordi.ee\/en\/wp-json\/wp\/v2\/product_brand?post=34214"},{"taxonomy":"product_cat","embeddable":true,"href":"https:\/\/www.nordi.ee\/en\/wp-json\/wp\/v2\/product_cat?post=34214"},{"taxonomy":"product_tag","embeddable":true,"href":"https:\/\/www.nordi.ee\/en\/wp-json\/wp\/v2\/product_tag?post=34214"}],"curies":[{"name":"wp","href":"https:\/\/api.w.org\/{rel}","templated":true}]}}