{"id":34205,"date":"2025-11-12T03:13:59","date_gmt":"2025-11-12T01:13:59","guid":{"rendered":"https:\/\/www.nordi.ee\/toode\/samara-voodi-varv-valge-2\/"},"modified":"2026-04-12T05:17:49","modified_gmt":"2026-04-12T02:17:49","slug":"samara-voodi-varv-valge-2","status":"publish","type":"product","link":"https:\/\/www.nordi.ee\/en\/toode\/samara-voodi-varv-valge-2\/","title":{"rendered":"SAMARA voodi v\u00e4rv: valge"},"content":{"rendered":"<p>m\u00f5\u00f5tmed: 163\/216\/96 cm, madratsi m\u00f5\u00f5tmed: 160\/200 cm, materjal: \u00f6kokoer \/ massiivne puu, v\u00e4rv: valge<\/p>\n","protected":false},"excerpt":{"rendered":"<p>m\u00f5\u00f5tmed: 163\/216\/96 cm, madratsi m\u00f5\u00f5tmed: 160\/200 cm, materjal: \u00f6kokoer \/ massiivne puu, v\u00e4rv: valge<\/p>\n","protected":false},"featured_media":16742,"comment_status":"closed","ping_status":"open","template":"","meta":{"_gspb_post_css":""},"product_brand":[],"product_cat":[166],"product_tag":[],"class_list":{"0":"post-34205","1":"product","2":"type-product","3":"status-publish","4":"has-post-thumbnail","6":"product_cat-magamistuba","7":"pa_vahelaos-ei","9":"first","10":"instock","11":"sale","12":"purchasable","13":"product-type-simple"},"_links":{"self":[{"href":"https:\/\/www.nordi.ee\/en\/wp-json\/wp\/v2\/product\/34205","targetHints":{"allow":["GET"]}}],"collection":[{"href":"https:\/\/www.nordi.ee\/en\/wp-json\/wp\/v2\/product"}],"about":[{"href":"https:\/\/www.nordi.ee\/en\/wp-json\/wp\/v2\/types\/product"}],"replies":[{"embeddable":true,"href":"https:\/\/www.nordi.ee\/en\/wp-json\/wp\/v2\/comments?post=34205"}],"wp:featuredmedia":[{"embeddable":true,"href":"https:\/\/www.nordi.ee\/en\/wp-json\/wp\/v2\/media\/16742"}],"wp:attachment":[{"href":"https:\/\/www.nordi.ee\/en\/wp-json\/wp\/v2\/media?parent=34205"}],"wp:term":[{"taxonomy":"product_brand","embeddable":true,"href":"https:\/\/www.nordi.ee\/en\/wp-json\/wp\/v2\/product_brand?post=34205"},{"taxonomy":"product_cat","embeddable":true,"href":"https:\/\/www.nordi.ee\/en\/wp-json\/wp\/v2\/product_cat?post=34205"},{"taxonomy":"product_tag","embeddable":true,"href":"https:\/\/www.nordi.ee\/en\/wp-json\/wp\/v2\/product_tag?post=34205"}],"curies":[{"name":"wp","href":"https:\/\/api.w.org\/{rel}","templated":true}]}}