{"id":34189,"date":"2025-11-12T03:10:38","date_gmt":"2025-11-12T01:10:38","guid":{"rendered":"https:\/\/www.nordi.ee\/toode\/pikendatav-soogilaud-salver-pind-tumehall-jalad-tumehall\/"},"modified":"2026-04-13T05:18:30","modified_gmt":"2026-04-13T02:18:30","slug":"pikendatav-soogilaud-salver-pind-tumehall-jalad-tumehall","status":"publish","type":"product","link":"https:\/\/www.nordi.ee\/en\/toode\/pikendatav-soogilaud-salver-pind-tumehall-jalad-tumehall\/","title":{"rendered":"Pikendatav S\u00f6\u00f6gilaud SALVER, pind &#8211; tumehall, jalad &#8211; tumehall"},"content":{"rendered":"<p>m\u00f5\u00f5tmed: 160-200\/90\/77cm, materjal: klaas \/ lakitud MDF \/ roostevaba teras, v\u00e4rv: pealmine &#8211; tumehall, jalad &#8211; tumehall<\/p>\n","protected":false},"excerpt":{"rendered":"<p>m\u00f5\u00f5tmed: 160-200\/90\/77cm, materjal: klaas \/ lakitud MDF \/ roostevaba teras, v\u00e4rv: pealmine &#8211; tumehall, jalad &#8211; tumehall<\/p>\n","protected":false},"featured_media":16736,"comment_status":"closed","ping_status":"open","template":"","meta":{"_gspb_post_css":""},"product_brand":[],"product_cat":[190,167],"product_tag":[],"class_list":{"0":"post-34189","1":"product","2":"type-product","3":"status-publish","4":"has-post-thumbnail","6":"product_cat-soogilauad","7":"product_cat-soogituba","8":"pa_jalgade-arv-494","9":"pa_korgus-505","10":"pa_laius-349","11":"pa_laua-suurus-8-person-6-person","12":"pa_laua-varvus-hall","13":"pa_laua-viimistlus-matt","14":"pa_lauaplaadi-kuju-ristkulikukujuline","15":"pa_lauaplaadi-materjal-klaas","16":"pa_lauaplaadi-materjal-lakitud-mdf","17":"pa_maximum-pikkus-4207","18":"pa_pakkide-arv-466","19":"pa_pikendatav-jah","20":"pa_raami-materjal-metall","21":"pa_stiil-kaasaegne","22":"pa_sugavus-4084","23":"pa_vahelaos-jah","24":"pa_varv-hall","26":"first","27":"instock","28":"sale","29":"purchasable","30":"product-type-simple"},"_links":{"self":[{"href":"https:\/\/www.nordi.ee\/en\/wp-json\/wp\/v2\/product\/34189","targetHints":{"allow":["GET"]}}],"collection":[{"href":"https:\/\/www.nordi.ee\/en\/wp-json\/wp\/v2\/product"}],"about":[{"href":"https:\/\/www.nordi.ee\/en\/wp-json\/wp\/v2\/types\/product"}],"replies":[{"embeddable":true,"href":"https:\/\/www.nordi.ee\/en\/wp-json\/wp\/v2\/comments?post=34189"}],"wp:featuredmedia":[{"embeddable":true,"href":"https:\/\/www.nordi.ee\/en\/wp-json\/wp\/v2\/media\/16736"}],"wp:attachment":[{"href":"https:\/\/www.nordi.ee\/en\/wp-json\/wp\/v2\/media?parent=34189"}],"wp:term":[{"taxonomy":"product_brand","embeddable":true,"href":"https:\/\/www.nordi.ee\/en\/wp-json\/wp\/v2\/product_brand?post=34189"},{"taxonomy":"product_cat","embeddable":true,"href":"https:\/\/www.nordi.ee\/en\/wp-json\/wp\/v2\/product_cat?post=34189"},{"taxonomy":"product_tag","embeddable":true,"href":"https:\/\/www.nordi.ee\/en\/wp-json\/wp\/v2\/product_tag?post=34189"}],"curies":[{"name":"wp","href":"https:\/\/api.w.org\/{rel}","templated":true}]}}