{"id":34173,"date":"2025-11-12T03:10:38","date_gmt":"2025-11-12T01:10:38","guid":{"rendered":"https:\/\/www.nordi.ee\/toode\/pikendatav-soogilaud-salvir-travertiin-cashmere\/"},"modified":"2026-04-13T05:18:29","modified_gmt":"2026-04-13T02:18:29","slug":"pikendatav-soogilaud-salvir-travertiin-cashmere","status":"publish","type":"product","link":"https:\/\/www.nordi.ee\/en\/toode\/pikendatav-soogilaud-salvir-travertiin-cashmere\/","title":{"rendered":"Pikendatav S\u00f6\u00f6gilaud SALVIR, travertiin \/ cashmere"},"content":{"rendered":"<p>m\u00f5\u00f5tmed: 180-260\/90\/76 cm, pikendatav laud, materjal: sinterdatud kivi \/ pulberv\u00e4rvitud teras, v\u00e4rv: pind &#8211; travertiin, jalad &#8211; ka\u0161miir<\/p>\n","protected":false},"excerpt":{"rendered":"<p>m\u00f5\u00f5tmed: 180-260\/90\/76 cm, pikendatav laud, materjal: sinterdatud kivi \/ pulberv\u00e4rvitud teras, v\u00e4rv: pind &#8211; travertiin, jalad &#8211; ka\u0161miir<\/p>\n","protected":false},"featured_media":16732,"comment_status":"closed","ping_status":"open","template":"","meta":{"_gspb_post_css":""},"product_brand":[],"product_cat":[190,167],"product_tag":[],"class_list":{"0":"post-34173","1":"product","2":"type-product","3":"status-publish","4":"has-post-thumbnail","6":"product_cat-soogilauad","7":"product_cat-soogituba","8":"pa_jalgade-arv-547","9":"pa_korgus-406","10":"pa_laius-349","11":"pa_laua-suurus-6-person-8-person","12":"pa_laua-varvus-beez","13":"pa_laua-varvus-tufakivi","14":"pa_laua-viimistlus-matt","15":"pa_lauaplaadi-kuju-ristkulikukujuline","16":"pa_lauaplaadi-materjal-sinter","17":"pa_maximum-pikkus-4214","18":"pa_pakkide-arv-226","19":"pa_pikendatav-jah","20":"pa_raami-materjal-metall","21":"pa_stiil-kaasaegne","22":"pa_sugavus-4101","23":"pa_vahelaos-jah","24":"pa_varv-beez","26":"first","27":"instock","28":"sale","29":"purchasable","30":"product-type-simple"},"_links":{"self":[{"href":"https:\/\/www.nordi.ee\/en\/wp-json\/wp\/v2\/product\/34173","targetHints":{"allow":["GET"]}}],"collection":[{"href":"https:\/\/www.nordi.ee\/en\/wp-json\/wp\/v2\/product"}],"about":[{"href":"https:\/\/www.nordi.ee\/en\/wp-json\/wp\/v2\/types\/product"}],"replies":[{"embeddable":true,"href":"https:\/\/www.nordi.ee\/en\/wp-json\/wp\/v2\/comments?post=34173"}],"wp:featuredmedia":[{"embeddable":true,"href":"https:\/\/www.nordi.ee\/en\/wp-json\/wp\/v2\/media\/16732"}],"wp:attachment":[{"href":"https:\/\/www.nordi.ee\/en\/wp-json\/wp\/v2\/media?parent=34173"}],"wp:term":[{"taxonomy":"product_brand","embeddable":true,"href":"https:\/\/www.nordi.ee\/en\/wp-json\/wp\/v2\/product_brand?post=34173"},{"taxonomy":"product_cat","embeddable":true,"href":"https:\/\/www.nordi.ee\/en\/wp-json\/wp\/v2\/product_cat?post=34173"},{"taxonomy":"product_tag","embeddable":true,"href":"https:\/\/www.nordi.ee\/en\/wp-json\/wp\/v2\/product_tag?post=34173"}],"curies":[{"name":"wp","href":"https:\/\/api.w.org\/{rel}","templated":true}]}}