{"id":34157,"date":"2025-11-12T03:08:56","date_gmt":"2025-11-12T01:08:56","guid":{"rendered":"https:\/\/www.nordi.ee\/toode\/voodi-rusmar-90x200-hall\/"},"modified":"2026-04-13T05:18:27","modified_gmt":"2026-04-13T02:18:27","slug":"voodi-rusmar-90x200-hall","status":"publish","type":"product","link":"https:\/\/www.nordi.ee\/en\/toode\/voodi-rusmar-90x200-hall\/","title":{"rendered":"Voodi RUSMAR 90&#215;200, hall"},"content":{"rendered":"<p>m\u00f5\u00f5tmed: 96\/221\/122 cm; kaheinimesevoodi v\u00e4ljat\u00f5mmatava alumise madratsi v\u00f5imalusega, materjal: kangas &#8211; samet, v\u00e4rv: hall, * voodi ilma madratsita.<\/p>\n","protected":false},"excerpt":{"rendered":"<p>m\u00f5\u00f5tmed: 96\/221\/122 cm; kaheinimesevoodi v\u00e4ljat\u00f5mmatava alumise madratsi v\u00f5imalusega, materjal: kangas &#8211; samet, v\u00e4rv: hall, * voodi ilma madratsita.<\/p>\n","protected":false},"featured_media":16720,"comment_status":"closed","ping_status":"open","template":"","meta":{"_gspb_post_css":""},"product_brand":[],"product_cat":[166,215,179],"product_tag":[],"class_list":{"0":"post-34157","1":"product","2":"type-product","3":"status-publish","4":"has-post-thumbnail","6":"product_cat-magamistuba","7":"product_cat-pehme-moobel","8":"product_cat-voodid","9":"pa_kanga-tuup-sametkangas","10":"pa_korgus-301","11":"pa_laius-2043","12":"pa_pakkide-arv-258","13":"pa_pesukast-ei","14":"pa_sobiv-madratsi-suurus-90x200cm","15":"pa_stiil-kaasaegne","16":"pa_sugavus-221","17":"pa_tuba-lastetuba","18":"pa_vahelaos-jah","19":"pa_varv-hall","20":"pa_voodituup-polsterdatud","22":"first","23":"instock","24":"sale","25":"purchasable","26":"product-type-simple"},"_links":{"self":[{"href":"https:\/\/www.nordi.ee\/en\/wp-json\/wp\/v2\/product\/34157","targetHints":{"allow":["GET"]}}],"collection":[{"href":"https:\/\/www.nordi.ee\/en\/wp-json\/wp\/v2\/product"}],"about":[{"href":"https:\/\/www.nordi.ee\/en\/wp-json\/wp\/v2\/types\/product"}],"replies":[{"embeddable":true,"href":"https:\/\/www.nordi.ee\/en\/wp-json\/wp\/v2\/comments?post=34157"}],"wp:featuredmedia":[{"embeddable":true,"href":"https:\/\/www.nordi.ee\/en\/wp-json\/wp\/v2\/media\/16720"}],"wp:attachment":[{"href":"https:\/\/www.nordi.ee\/en\/wp-json\/wp\/v2\/media?parent=34157"}],"wp:term":[{"taxonomy":"product_brand","embeddable":true,"href":"https:\/\/www.nordi.ee\/en\/wp-json\/wp\/v2\/product_brand?post=34157"},{"taxonomy":"product_cat","embeddable":true,"href":"https:\/\/www.nordi.ee\/en\/wp-json\/wp\/v2\/product_cat?post=34157"},{"taxonomy":"product_tag","embeddable":true,"href":"https:\/\/www.nordi.ee\/en\/wp-json\/wp\/v2\/product_tag?post=34157"}],"curies":[{"name":"wp","href":"https:\/\/api.w.org\/{rel}","templated":true}]}}