{"id":34147,"date":"2025-11-12T03:08:56","date_gmt":"2025-11-12T01:08:56","guid":{"rendered":"https:\/\/www.nordi.ee\/toode\/ummargune-soogilaud-ruplin-pahklipuu\/"},"modified":"2026-04-13T05:18:26","modified_gmt":"2026-04-13T02:18:26","slug":"ummargune-soogilaud-ruplin-pahklipuu","status":"publish","type":"product","link":"https:\/\/www.nordi.ee\/en\/toode\/ummargune-soogilaud-ruplin-pahklipuu\/","title":{"rendered":"\u00dcmmargune S\u00f6\u00f6gilaud RUPLIN, p\u00e4hklipuu"},"content":{"rendered":"<p>m\u00f5\u00f5tmed: fi120\/76 cm, materjal: MDF + naturaalne spoon \/ massiivne kummipuu, v\u00e4rv: pind &#8211; p\u00e4hkli, jalad &#8211; p\u00e4hkli<\/p>\n","protected":false},"excerpt":{"rendered":"<p>m\u00f5\u00f5tmed: fi120\/76 cm, materjal: MDF + naturaalne spoon \/ massiivne kummipuu, v\u00e4rv: pind &#8211; p\u00e4hkli, jalad &#8211; p\u00e4hkli<\/p>\n","protected":false},"featured_media":16716,"comment_status":"closed","ping_status":"open","template":"","meta":{"_gspb_post_css":""},"product_brand":[],"product_cat":[190,167],"product_tag":[],"class_list":{"0":"post-34147","1":"product","2":"type-product","3":"status-publish","4":"has-post-thumbnail","6":"product_cat-soogilauad","7":"product_cat-soogituba","8":"pa_jalgade-arv-289","9":"pa_korgus-505","10":"pa_laius-286","11":"pa_laua-suurus-4-person","12":"pa_laua-varvus-pahkel","13":"pa_laua-varvus-pruun","14":"pa_laua-viimistlus-matt","15":"pa_lauaplaadi-kuju-ummargune","16":"pa_lauaplaadi-materjal-spoon","17":"pa_pakkide-arv-226","18":"pa_pikendatav-ei","19":"pa_raami-materjal-puit","20":"pa_stiil-retro","21":"pa_stiil-traditsiooniline","22":"pa_sugavus-1832","23":"pa_vahelaos-ei","24":"pa_varv-pahkel","25":"pa_varv-pruun","27":"first","28":"instock","29":"sale","30":"purchasable","31":"product-type-simple"},"_links":{"self":[{"href":"https:\/\/www.nordi.ee\/en\/wp-json\/wp\/v2\/product\/34147","targetHints":{"allow":["GET"]}}],"collection":[{"href":"https:\/\/www.nordi.ee\/en\/wp-json\/wp\/v2\/product"}],"about":[{"href":"https:\/\/www.nordi.ee\/en\/wp-json\/wp\/v2\/types\/product"}],"replies":[{"embeddable":true,"href":"https:\/\/www.nordi.ee\/en\/wp-json\/wp\/v2\/comments?post=34147"}],"wp:featuredmedia":[{"embeddable":true,"href":"https:\/\/www.nordi.ee\/en\/wp-json\/wp\/v2\/media\/16716"}],"wp:attachment":[{"href":"https:\/\/www.nordi.ee\/en\/wp-json\/wp\/v2\/media?parent=34147"}],"wp:term":[{"taxonomy":"product_brand","embeddable":true,"href":"https:\/\/www.nordi.ee\/en\/wp-json\/wp\/v2\/product_brand?post=34147"},{"taxonomy":"product_cat","embeddable":true,"href":"https:\/\/www.nordi.ee\/en\/wp-json\/wp\/v2\/product_cat?post=34147"},{"taxonomy":"product_tag","embeddable":true,"href":"https:\/\/www.nordi.ee\/en\/wp-json\/wp\/v2\/product_tag?post=34147"}],"curies":[{"name":"wp","href":"https:\/\/api.w.org\/{rel}","templated":true}]}}