{"id":34129,"date":"2025-11-12T03:08:56","date_gmt":"2025-11-12T01:08:56","guid":{"rendered":"https:\/\/www.nordi.ee\/toode\/tumba-rubren-varv-hele-roheline\/"},"modified":"2026-04-13T05:18:24","modified_gmt":"2026-04-13T02:18:24","slug":"tumba-rubren-varv-hele-roheline","status":"publish","type":"product","link":"https:\/\/www.nordi.ee\/en\/toode\/tumba-rubren-varv-hele-roheline\/","title":{"rendered":"Tumba RUBREN, v\u00e4rv: hele roheline"},"content":{"rendered":"<p>m\u00f5\u00f5tmed: 35\/35\/35 cm, materjal: kangas, v\u00e4rv: helesinine<\/p>\n","protected":false},"excerpt":{"rendered":"<p>m\u00f5\u00f5tmed: 35\/35\/35 cm, materjal: kangas, v\u00e4rv: helesinine<\/p>\n","protected":false},"featured_media":16704,"comment_status":"closed","ping_status":"open","template":"","meta":{"_gspb_post_css":""},"product_brand":[],"product_cat":[4064],"product_tag":[],"class_list":{"0":"post-34129","1":"product","2":"type-product","3":"status-publish","4":"has-post-thumbnail","6":"product_cat-tumbad","7":"pa_istmekorgus-771","8":"pa_kanga-tuup-kangas","9":"pa_kanga-varv-roheline","10":"pa_korgus-2039","11":"pa_laius-2038","12":"pa_pakkide-arv-226","13":"pa_stiil-kaasaegne","14":"pa_sugavus-829","15":"pa_vahelaos-jah","17":"first","18":"instock","19":"sale","20":"purchasable","21":"product-type-simple"},"_links":{"self":[{"href":"https:\/\/www.nordi.ee\/en\/wp-json\/wp\/v2\/product\/34129","targetHints":{"allow":["GET"]}}],"collection":[{"href":"https:\/\/www.nordi.ee\/en\/wp-json\/wp\/v2\/product"}],"about":[{"href":"https:\/\/www.nordi.ee\/en\/wp-json\/wp\/v2\/types\/product"}],"replies":[{"embeddable":true,"href":"https:\/\/www.nordi.ee\/en\/wp-json\/wp\/v2\/comments?post=34129"}],"wp:featuredmedia":[{"embeddable":true,"href":"https:\/\/www.nordi.ee\/en\/wp-json\/wp\/v2\/media\/16704"}],"wp:attachment":[{"href":"https:\/\/www.nordi.ee\/en\/wp-json\/wp\/v2\/media?parent=34129"}],"wp:term":[{"taxonomy":"product_brand","embeddable":true,"href":"https:\/\/www.nordi.ee\/en\/wp-json\/wp\/v2\/product_brand?post=34129"},{"taxonomy":"product_cat","embeddable":true,"href":"https:\/\/www.nordi.ee\/en\/wp-json\/wp\/v2\/product_cat?post=34129"},{"taxonomy":"product_tag","embeddable":true,"href":"https:\/\/www.nordi.ee\/en\/wp-json\/wp\/v2\/product_tag?post=34129"}],"curies":[{"name":"wp","href":"https:\/\/api.w.org\/{rel}","templated":true}]}}