{"id":34110,"date":"2025-11-12T03:06:57","date_gmt":"2025-11-12T01:06:57","guid":{"rendered":"https:\/\/www.nordi.ee\/toode\/soogilaud-ronver\/"},"modified":"2026-04-13T05:18:22","modified_gmt":"2026-04-13T02:18:22","slug":"soogilaud-ronver","status":"publish","type":"product","link":"https:\/\/www.nordi.ee\/en\/toode\/soogilaud-ronver\/","title":{"rendered":"S\u00f6\u00f6gilaud RONVER"},"content":{"rendered":"<p>m\u00f5\u00f5tmed: o110\/74 cm, materjal: klaas \/ kroomteras, v\u00e4rv: pealmine &#8211; l\u00e4bipaistev, jalad &#8211; kuldne<\/p>\n","protected":false},"excerpt":{"rendered":"<p>m\u00f5\u00f5tmed: o110\/74 cm, materjal: klaas \/ kroomteras, v\u00e4rv: pealmine &#8211; l\u00e4bipaistev, jalad &#8211; kuldne<\/p>\n","protected":false},"featured_media":16696,"comment_status":"closed","ping_status":"open","template":"","meta":{"_gspb_post_css":""},"product_brand":[],"product_cat":[190,167],"product_tag":[],"class_list":{"0":"post-34110","1":"product","2":"type-product","3":"status-publish","4":"has-post-thumbnail","6":"product_cat-soogilauad","7":"product_cat-soogituba","8":"pa_jalgade-arv-289","9":"pa_korgus-677","10":"pa_laius-675","11":"pa_laua-suurus-4-person","12":"pa_laua-varvus-labipaistev-klaas","13":"pa_laua-viimistlus-laikiv","14":"pa_lauaplaadi-kuju-ummargune","15":"pa_lauaplaadi-materjal-klaas","16":"pa_pakkide-arv-295","17":"pa_pikendatav-ei","18":"pa_raami-materjal-metall","19":"pa_raami-varv-kuldne","20":"pa_stiil-glamuur","21":"pa_stiil-moodne","22":"pa_sugavus-1482","23":"pa_vahelaos-jah","24":"pa_varv-kuldne","25":"pa_varv-labipaistev","27":"first","28":"instock","29":"sale","30":"purchasable","31":"product-type-simple"},"_links":{"self":[{"href":"https:\/\/www.nordi.ee\/en\/wp-json\/wp\/v2\/product\/34110","targetHints":{"allow":["GET"]}}],"collection":[{"href":"https:\/\/www.nordi.ee\/en\/wp-json\/wp\/v2\/product"}],"about":[{"href":"https:\/\/www.nordi.ee\/en\/wp-json\/wp\/v2\/types\/product"}],"replies":[{"embeddable":true,"href":"https:\/\/www.nordi.ee\/en\/wp-json\/wp\/v2\/comments?post=34110"}],"wp:featuredmedia":[{"embeddable":true,"href":"https:\/\/www.nordi.ee\/en\/wp-json\/wp\/v2\/media\/16696"}],"wp:attachment":[{"href":"https:\/\/www.nordi.ee\/en\/wp-json\/wp\/v2\/media?parent=34110"}],"wp:term":[{"taxonomy":"product_brand","embeddable":true,"href":"https:\/\/www.nordi.ee\/en\/wp-json\/wp\/v2\/product_brand?post=34110"},{"taxonomy":"product_cat","embeddable":true,"href":"https:\/\/www.nordi.ee\/en\/wp-json\/wp\/v2\/product_cat?post=34110"},{"taxonomy":"product_tag","embeddable":true,"href":"https:\/\/www.nordi.ee\/en\/wp-json\/wp\/v2\/product_tag?post=34110"}],"curies":[{"name":"wp","href":"https:\/\/api.w.org\/{rel}","templated":true}]}}