{"id":34109,"date":"2025-11-12T03:06:57","date_gmt":"2025-11-12T01:06:57","guid":{"rendered":"https:\/\/www.nordi.ee\/toode\/soogilaud-ronix-120x80-varv-valge\/"},"modified":"2026-04-13T05:18:21","modified_gmt":"2026-04-13T02:18:21","slug":"soogilaud-ronix-120x80-varv-valge","status":"publish","type":"product","link":"https:\/\/www.nordi.ee\/en\/toode\/soogilaud-ronix-120x80-varv-valge\/","title":{"rendered":"S\u00f6\u00f6gilaud RONIX 120&#215;80, v\u00e4rv: valge"},"content":{"rendered":"<p>m\u00f5\u00f5tmed: 120\/80\/75 cm, materjal: lakitud MDF, v\u00e4rv: MDF &#8211; valge<\/p>\n","protected":false},"excerpt":{"rendered":"<p>m\u00f5\u00f5tmed: 120\/80\/75 cm, materjal: lakitud MDF, v\u00e4rv: MDF &#8211; valge<\/p>\n","protected":false},"featured_media":16693,"comment_status":"closed","ping_status":"open","template":"","meta":{"_gspb_post_css":""},"product_brand":[],"product_cat":[190,167],"product_tag":[],"class_list":{"0":"post-34109","1":"product","2":"type-product","3":"status-publish","4":"has-post-thumbnail","6":"product_cat-soogilauad","7":"product_cat-soogituba","8":"pa_jalgade-arv-289","9":"pa_korgus-287","10":"pa_laius-353","11":"pa_laua-suurus-4-person","12":"pa_laua-varvus-valge","13":"pa_lauaplaadi-kuju-ristkulikukujuline","14":"pa_lauaplaadi-materjal-lakitud-mdf","15":"pa_pakkide-arv-295","16":"pa_pikendatav-ei","17":"pa_stiil-traditsiooniline","18":"pa_sugavus-1832","19":"pa_vahelaos-jah","20":"pa_varv-valge","22":"first","23":"instock","24":"sale","25":"purchasable","26":"product-type-simple"},"_links":{"self":[{"href":"https:\/\/www.nordi.ee\/en\/wp-json\/wp\/v2\/product\/34109","targetHints":{"allow":["GET"]}}],"collection":[{"href":"https:\/\/www.nordi.ee\/en\/wp-json\/wp\/v2\/product"}],"about":[{"href":"https:\/\/www.nordi.ee\/en\/wp-json\/wp\/v2\/types\/product"}],"replies":[{"embeddable":true,"href":"https:\/\/www.nordi.ee\/en\/wp-json\/wp\/v2\/comments?post=34109"}],"wp:featuredmedia":[{"embeddable":true,"href":"https:\/\/www.nordi.ee\/en\/wp-json\/wp\/v2\/media\/16693"}],"wp:attachment":[{"href":"https:\/\/www.nordi.ee\/en\/wp-json\/wp\/v2\/media?parent=34109"}],"wp:term":[{"taxonomy":"product_brand","embeddable":true,"href":"https:\/\/www.nordi.ee\/en\/wp-json\/wp\/v2\/product_brand?post=34109"},{"taxonomy":"product_cat","embeddable":true,"href":"https:\/\/www.nordi.ee\/en\/wp-json\/wp\/v2\/product_cat?post=34109"},{"taxonomy":"product_tag","embeddable":true,"href":"https:\/\/www.nordi.ee\/en\/wp-json\/wp\/v2\/product_tag?post=34109"}],"curies":[{"name":"wp","href":"https:\/\/api.w.org\/{rel}","templated":true}]}}