{"id":34055,"date":"2025-11-12T03:04:24","date_gmt":"2025-11-12T01:04:24","guid":{"rendered":"https:\/\/www.nordi.ee\/toode\/pikendatav-soogilaud-robion-beez-marmor-kaputsiin-must\/"},"modified":"2026-04-13T05:18:17","modified_gmt":"2026-04-13T02:18:17","slug":"pikendatav-soogilaud-robion-beez-marmor","status":"publish","type":"product","link":"https:\/\/www.nordi.ee\/en\/toode\/pikendatav-soogilaud-robion-beez-marmor\/","title":{"rendered":"Pikendatav S\u00f6\u00f6gilaud ROBION, bee\u017e marmor"},"content":{"rendered":"<p>m\u00f5\u00f5tmed: 160-200\/90\/76 cm, pikendatav laud, materjal: keraamika \/ lakitud MDF \/ pulberkattega teras, v\u00e4rv: pind &#8211; bee\u017e marmor \/ kaputsiin, jalad &#8211; kaputsiin \/ must<\/p>\n","protected":false},"excerpt":{"rendered":"<p>m\u00f5\u00f5tmed: 160-200\/90\/76 cm, pikendatav laud, materjal: keraamika \/ lakitud MDF \/ pulberkattega teras, v\u00e4rv: pind &#8211; bee\u017e marmor \/ kaputsiin, jalad &#8211; kaputsiin \/ must<\/p>\n","protected":false},"featured_media":16673,"comment_status":"closed","ping_status":"closed","template":"","meta":{"_gspb_post_css":""},"product_brand":[],"product_cat":[190,167],"product_tag":[],"class_list":{"0":"post-34055","1":"product","2":"type-product","3":"status-publish","4":"has-post-thumbnail","6":"product_cat-soogilauad","7":"product_cat-soogituba","8":"pa_jalgade-arv-494","9":"pa_korgus-406","10":"pa_laius-349","11":"pa_laua-suurus-8-person-6-person","12":"pa_laua-varvus-beez-marmor","13":"pa_laua-varvus-pruun","14":"pa_laua-viimistlus-laikiv","15":"pa_lauaplaadi-kuju-ovaalne","16":"pa_lauaplaadi-materjal-keraamika","17":"pa_maximum-pikkus-4207","18":"pa_pakkide-arv-466","19":"pa_pikendatav-jah","20":"pa_raami-materjal-metall","21":"pa_stiil-glamuurne","22":"pa_stiil-kaasaegne","23":"pa_sugavus-4084","24":"pa_vahelaos-jah","25":"pa_varv-marmor","26":"pa_varv-pruun","28":"first","29":"instock","30":"sale","31":"purchasable","32":"product-type-simple"},"_links":{"self":[{"href":"https:\/\/www.nordi.ee\/en\/wp-json\/wp\/v2\/product\/34055","targetHints":{"allow":["GET"]}}],"collection":[{"href":"https:\/\/www.nordi.ee\/en\/wp-json\/wp\/v2\/product"}],"about":[{"href":"https:\/\/www.nordi.ee\/en\/wp-json\/wp\/v2\/types\/product"}],"replies":[{"embeddable":true,"href":"https:\/\/www.nordi.ee\/en\/wp-json\/wp\/v2\/comments?post=34055"}],"wp:featuredmedia":[{"embeddable":true,"href":"https:\/\/www.nordi.ee\/en\/wp-json\/wp\/v2\/media\/16673"}],"wp:attachment":[{"href":"https:\/\/www.nordi.ee\/en\/wp-json\/wp\/v2\/media?parent=34055"}],"wp:term":[{"taxonomy":"product_brand","embeddable":true,"href":"https:\/\/www.nordi.ee\/en\/wp-json\/wp\/v2\/product_brand?post=34055"},{"taxonomy":"product_cat","embeddable":true,"href":"https:\/\/www.nordi.ee\/en\/wp-json\/wp\/v2\/product_cat?post=34055"},{"taxonomy":"product_tag","embeddable":true,"href":"https:\/\/www.nordi.ee\/en\/wp-json\/wp\/v2\/product_tag?post=34055"}],"curies":[{"name":"wp","href":"https:\/\/api.w.org\/{rel}","templated":true}]}}