{"id":34031,"date":"2025-11-12T03:02:35","date_gmt":"2025-11-12T01:02:35","guid":{"rendered":"https:\/\/www.nordi.ee\/toode\/pikendatav-soogilaud-riclon-pealmine-hall-marmor-jalad-tumehall\/"},"modified":"2026-04-13T05:18:15","modified_gmt":"2026-04-13T02:18:15","slug":"pikendatav-soogilaud-riclon-hall-marmor","status":"publish","type":"product","link":"https:\/\/www.nordi.ee\/en\/toode\/pikendatav-soogilaud-riclon-hall-marmor\/","title":{"rendered":"Pikendatav S\u00f6\u00f6gilaud RICLON, hall marmor"},"content":{"rendered":"<p>laiendatav laud, m\u00f5\u00f5tmed: 120-160\/120\/76cm, materjal: klaas \/ lakitud MDF \/ roostevaba teras, v\u00e4rv: pind &#8211; hall marmor, jalad &#8211; tumehall<\/p>\n","protected":false},"excerpt":{"rendered":"<p>laiendatav laud, m\u00f5\u00f5tmed: 120-160\/120\/76cm, materjal: klaas \/ lakitud MDF \/ roostevaba teras, v\u00e4rv: pind &#8211; hall marmor, jalad &#8211; tumehall<\/p>\n","protected":false},"featured_media":16662,"comment_status":"closed","ping_status":"closed","template":"","meta":{"_gspb_post_css":""},"product_brand":[],"product_cat":[190,167],"product_tag":[],"class_list":{"0":"post-34031","1":"product","2":"type-product","3":"status-publish","4":"has-post-thumbnail","6":"product_cat-soogilauad","7":"product_cat-soogituba","8":"pa_jalgade-arv-494","9":"pa_korgus-406","10":"pa_laius-286","11":"pa_laua-suurus-5-person-8-person","12":"pa_laua-varvus-hall","13":"pa_laua-viimistlus-laikiv","14":"pa_lauaplaadi-kuju-ummargune","15":"pa_lauaplaadi-materjal-klaas","16":"pa_lauaplaadi-materjal-lakitud-mdf","17":"pa_maximum-pikkus-4208","18":"pa_pakkide-arv-466","19":"pa_pikendatav-jah","20":"pa_raami-materjal-metall","21":"pa_stiil-kaasaegne","22":"pa_sugavus-1832","23":"pa_vahelaos-jah","24":"pa_varv-hall","26":"first","27":"instock","28":"sale","29":"purchasable","30":"product-type-simple"},"_links":{"self":[{"href":"https:\/\/www.nordi.ee\/en\/wp-json\/wp\/v2\/product\/34031","targetHints":{"allow":["GET"]}}],"collection":[{"href":"https:\/\/www.nordi.ee\/en\/wp-json\/wp\/v2\/product"}],"about":[{"href":"https:\/\/www.nordi.ee\/en\/wp-json\/wp\/v2\/types\/product"}],"replies":[{"embeddable":true,"href":"https:\/\/www.nordi.ee\/en\/wp-json\/wp\/v2\/comments?post=34031"}],"wp:featuredmedia":[{"embeddable":true,"href":"https:\/\/www.nordi.ee\/en\/wp-json\/wp\/v2\/media\/16662"}],"wp:attachment":[{"href":"https:\/\/www.nordi.ee\/en\/wp-json\/wp\/v2\/media?parent=34031"}],"wp:term":[{"taxonomy":"product_brand","embeddable":true,"href":"https:\/\/www.nordi.ee\/en\/wp-json\/wp\/v2\/product_brand?post=34031"},{"taxonomy":"product_cat","embeddable":true,"href":"https:\/\/www.nordi.ee\/en\/wp-json\/wp\/v2\/product_cat?post=34031"},{"taxonomy":"product_tag","embeddable":true,"href":"https:\/\/www.nordi.ee\/en\/wp-json\/wp\/v2\/product_tag?post=34031"}],"curies":[{"name":"wp","href":"https:\/\/api.w.org\/{rel}","templated":true}]}}